{"id":25584,"date":"2023-05-03T08:37:54","date_gmt":"2023-05-03T08:37:54","guid":{"rendered":"http:\/\/federaciosalutmental.com\/?page_id=25584"},"modified":"2023-06-27T11:11:56","modified_gmt":"2023-06-27T11:11:56","slug":"legal","status":"publish","type":"page","link":"https:\/\/federaciosalutmental.com\/ca\/legal\/","title":{"rendered":"Av\u00eds Legal"},"content":{"rendered":"\t\t<div data-elementor-type=\"wp-page\" data-elementor-id=\"25584\" class=\"elementor elementor-25584\" data-elementor-post-type=\"page\">\n\t\t\t\t\t\t\t\t\t<section class=\"elementor-section elementor-top-section elementor-element elementor-element-20eecbf elementor-section-boxed elementor-section-height-default elementor-section-height-default\" data-id=\"20eecbf\" data-element_type=\"section\">\n\t\t\t\t\t\t<div class=\"elementor-container elementor-column-gap-default\">\n\t\t\t\t\t<div class=\"elementor-column elementor-col-100 elementor-top-column elementor-element elementor-element-62cb413\" data-id=\"62cb413\" data-element_type=\"column\">\n\t\t\t<div class=\"elementor-widget-wrap elementor-element-populated\">\n\t\t\t\t\t\t\t\t<div class=\"elementor-element elementor-element-87ecc58 text__uppercase elementor-widget elementor-widget-heading\" data-id=\"87ecc58\" data-element_type=\"widget\" data-widget_type=\"heading.default\">\n\t\t\t\t<div class=\"elementor-widget-container\">\n\t\t\t<style>\/*! elementor - v3.18.0 - 20-12-2023 *\/\n.elementor-heading-title{padding:0;margin:0;line-height:1}.elementor-widget-heading .elementor-heading-title[class*=elementor-size-]>a{color:inherit;font-size:inherit;line-height:inherit}.elementor-widget-heading .elementor-heading-title.elementor-size-small{font-size:15px}.elementor-widget-heading .elementor-heading-title.elementor-size-medium{font-size:19px}.elementor-widget-heading .elementor-heading-title.elementor-size-large{font-size:29px}.elementor-widget-heading .elementor-heading-title.elementor-size-xl{font-size:39px}.elementor-widget-heading .elementor-heading-title.elementor-size-xxl{font-size:59px}<\/style><h6 class=\"elementor-heading-title elementor-size-default\">Av\u00cds Legal<\/h6>\t\t<\/div>\n\t\t\t\t<\/div>\n\t\t\t\t\t<\/div>\n\t\t<\/div>\n\t\t\t\t\t\t\t<\/div>\n\t\t<\/section>\n\t\t\t\t<section class=\"elementor-section elementor-top-section elementor-element elementor-element-a4be6b8 elementor-section-boxed elementor-section-height-default elementor-section-height-default\" data-id=\"a4be6b8\" data-element_type=\"section\">\n\t\t\t\t\t\t<div class=\"elementor-container elementor-column-gap-default\">\n\t\t\t\t\t<div class=\"elementor-column elementor-col-100 elementor-top-column elementor-element elementor-element-6a30e85\" data-id=\"6a30e85\" data-element_type=\"column\">\n\t\t\t<div class=\"elementor-widget-wrap elementor-element-populated\">\n\t\t\t\t\t\t\t\t<div class=\"elementor-element elementor-element-f141247 elementor-widget elementor-widget-text-editor\" data-id=\"f141247\" data-element_type=\"widget\" data-widget_type=\"text-editor.default\">\n\t\t\t\t<div class=\"elementor-widget-container\">\n\t\t\t<style>\/*! elementor - v3.18.0 - 20-12-2023 *\/\n.elementor-widget-text-editor.elementor-drop-cap-view-stacked .elementor-drop-cap{background-color:#69727d;color:#fff}.elementor-widget-text-editor.elementor-drop-cap-view-framed .elementor-drop-cap{color:#69727d;border:3px solid;background-color:transparent}.elementor-widget-text-editor:not(.elementor-drop-cap-view-default) .elementor-drop-cap{margin-top:8px}.elementor-widget-text-editor:not(.elementor-drop-cap-view-default) .elementor-drop-cap-letter{width:1em;height:1em}.elementor-widget-text-editor .elementor-drop-cap{float:left;text-align:center;line-height:1;font-size:50px}.elementor-widget-text-editor .elementor-drop-cap-letter{display:inline-block}<\/style>\t\t\t\t<p style=\"margin: 0cm; font-size: medium; font-family: Calibri, sans-serif; caret-color: #000000; color: #000000; font-style: normal;\"><b>1. Identificaci\u00f3 i contacte del propietari de la web<\/b><br><a style=\"color: #954f72; text-decoration: underline;\" href=\"http:\/\/federaciosalutmental.com\/\"><span lang=\"EN-US\" style=\"font-size: 13pt; font-family: AppleSystemUIFont; color: #dca10d;\">federaciosalutmental.com<\/span><\/a><span lang=\"EN-US\">&nbsp;<\/span>(d&#8217;ara endavant la web) \u00e9s propietat&nbsp;d<span lang=\"ES\">e FEDERACI\u00d3 SALUT MENTAL&nbsp;<\/span>(<span lang=\"ES\">Associaci\u00f3 d\u2019entitats i serveis de salut mental de Mallorca,&nbsp;<\/span>Fundaci\u00f3 Es Garrover, Associaci\u00f3 Estel de Llevant<span lang=\"ES\">,&nbsp;<\/span>Associaci\u00f3&nbsp;Gira-Sol<span lang=\"ES\">, Grec, Fundaci\u00f3 Deixalles i Fundaci\u00f3 Dem\u00e0<\/span>):<\/p>\n<p style=\"margin: 0cm; font-size: medium; font-family: Calibri, sans-serif; caret-color: #000000; color: #000000; font-style: normal;\">\n<\/p><p style=\"margin: 0cm; font-size: medium; font-family: Calibri, sans-serif; caret-color: #000000; color: #000000; font-style: normal;\"><span lang=\"EN-US\">-ASSOCIACI\u00d3 D&#8217;ENTITATS I SERVEIS DE SALUT MENTAL DE MALLORCA:<\/span><span lang=\"EN-US\" style=\"font-family: 'MS Gothic';\">\u2028<\/span><span lang=\"EN-US\">C\/ Alacant, 9, Son Bugadelles, 07180 Calvi\u00e0, Illes Balears. CIF. G57584096.&nbsp;<\/span><a style=\"color: #954f72; text-decoration: underline;\" href=\"mailto:info@federaciosalutmental.com\"><span lang=\"CA\">info@federaciosalutmental.com<\/span><\/a><span lang=\"EN-US\" style=\"font-family: 'MS Gothic';\">\u2028<\/span><\/p>\n<p style=\"margin: 0cm; font-size: medium; font-family: Calibri, sans-serif; caret-color: #000000; color: #000000; font-style: normal;\"><span lang=\"EN-US\">&#8211; FUNDACI\u00d3 ES GARROVER: C\/ Quarter, 44, 07300, Inca (Illes Balears). CIF: G57356057. Correu electr\u00f2nic de contacte protecciodades@esgarrover.org<\/span><span lang=\"EN-US\" style=\"font-family: 'MS Gothic';\">\u2028<\/span><\/p>\n<p style=\"margin: 0cm; font-size: medium; font-family: Calibri, sans-serif; caret-color: #000000; color: #000000; font-style: normal;\"><span lang=\"EN-US\">&#8211; ASSOCIACI\u00d3 ESTEL DE LLEVANT: C\/ F\u00e0brica, 8,baixos, 07500, Manacor (Illes Balears). CIF: G07815905. Correu electr\u00f2nic de contacte&nbsp;<\/span><a style=\"color: #954f72; text-decoration: underline;\" href=\"mailto:protecciodedades@esteldellevant.es\"><span lang=\"EN-US\">protecciodedades@esteldellevant.es<\/span><\/a><\/p>\n<p style=\"margin: 0cm; font-size: medium; font-family: Calibri, sans-serif; caret-color: #000000; color: #000000; font-style: normal;\"><span lang=\"EN-US\" style=\"font-family: 'MS Gothic';\">&#8211;<\/span><span lang=\"EN-US\">ASSOCIACI\u00d3&nbsp;GIRA-SOL: Passeig Marratx\u00ed, 11, 07008, Palma (Illes Balears). CIF: G07729908. Correu electr\u00f2nic de contacte&nbsp;<\/span><a style=\"color: #954f72; text-decoration: underline;\" href=\"mailto:lopd@gira-sol.com\"><span lang=\"EN-US\">lopd@gira-sol.com<\/span><\/a><\/p>\n<p style=\"margin: 0cm; font-size: medium; font-family: Calibri, sans-serif; caret-color: #000000; color: #000000; font-style: normal;\"><span lang=\"EN-US\">-GREC: Carrer Juan Ram\u00f3n Jim\u00e9nez 15 07008. Palma. CIF: G07267628<\/span><\/p>\n<p style=\"margin: 0cm; font-size: medium; font-family: Calibri, sans-serif; caret-color: #000000; color: #000000; font-style: normal;\"><span lang=\"EN-US\">-FUNDACI\u00d3 DEIXALLES:&nbsp; Carrer Alacant n 9 Pol\u00edgono Son Bugadelles, Santa Ponsa, Calvi\u00e0. CIF: G07255953<\/span><\/p>\n<p style=\"margin: 0cm; font-size: medium; font-family: Calibri, sans-serif; caret-color: #000000; color: #000000; font-style: normal;\"><span lang=\"EN-US\">-FUNDACI\u00d3 DEM\u00c0: Alqueria del Comte, 20, 07100 S\u00f3ller. CIF: G57676124.<\/span><\/p>\n<p style=\"margin: 0cm 0cm 0cm 36pt; font-size: medium; font-family: Calibri, sans-serif; caret-color: #000000; color: #000000; font-style: normal;\">\n<\/p><p style=\"margin: 0cm; font-size: medium; font-family: Calibri, sans-serif; caret-color: #000000; color: #000000; font-style: normal;\"><b>2. \u00c0mbit d&#8217;aplicaci\u00f3.<\/b><br>La navegaci\u00f3 pel lloc web del Titular implica assumir la condici\u00f3 d&#8217;usuari i l&#8217;acceptaci\u00f3 absoluta del manifestat en aquest Av\u00eds Legal.<\/p>\n<p style=\"margin: 0cm; font-size: medium; font-family: Calibri, sans-serif; caret-color: #000000; color: #000000; font-style: normal;\"><b>&nbsp;<\/b><\/p>\n<p style=\"margin: 0cm; font-size: medium; font-family: Calibri, sans-serif; caret-color: #000000; color: #000000; font-style: normal;\"><b>3. Edat<\/b><br>A la nostra web no tractem dades de menors de catorze anys, en&nbsp;compliment de&nbsp;l&#8217;actual legislaci\u00f3.<\/p>\n<p style=\"margin: 0cm; font-size: medium; font-family: Calibri, sans-serif; caret-color: #000000; color: #000000; font-style: normal;\"><b>&nbsp;<\/b><\/p>\n<p style=\"margin: 0cm; font-size: medium; font-family: Calibri, sans-serif; caret-color: #000000; color: #000000; font-style: normal;\"><b>4. Propietat intel\u00b7lectual o industrial<\/b><br>Els continguts de la web, com textos, imatges, gr\u00e0fics o codi font, estan protegits per drets de propietat intel\u00b7lectual i industrial.<br>Aquests continguts no poden ser, per exemple, reprodu\u00efts o transformats sense el perm\u00eds previ i expl\u00edcit del Titular. Els usuaris poden accedir als continguts i fer c\u00f2pies privades autoritzades sempre que els elements reprodu\u00efts no siguin cedits posteriorment a tercers, ni s&#8217;instal\u00b7lin a servidors en xarxa, ni siguin objecte de cap mena d&#8217;explotaci\u00f3.<\/p>\n<p style=\"margin: 0cm; font-size: medium; font-family: Calibri, sans-serif; caret-color: #000000; color: #000000; font-style: normal;\"><b>&nbsp;<\/b><\/p>\n<p style=\"margin: 0cm; font-size: medium; font-family: Calibri, sans-serif; caret-color: #000000; color: #000000; font-style: normal;\"><b>5. Normes comunes d&#8217;\u00fas de la web<\/b><br>L&#8217;usuari es compromet a fer un \u00fas de la web d&#8217;acord amb les seg\u00fcents normes:<br>\u2022 No publicar\u00e0 comunicacions comercials a trav\u00e9s de la p\u00e0gina web.<br>\u2022 No recopilar\u00e0 contingut o informaci\u00f3 d&#8217;altres usuaris.<br>\u2022 No carregar\u00e0 virus ni codi malintencionat de cap mena.<br>\u2022 No sol\u00b7licitar\u00e0 informaci\u00f3 d&#8217;inici de sessi\u00f3 ni accedir\u00e0 a un compte que pertany a un altre usuari.<br>\u2022 No realitzar\u00e0 actes il\u00b7l\u00edcits, enganyosos, malintencionats o discriminatoris en el lloc web, d&#8217;acord amb aquestes condicions i a l&#8217;ordenament jur\u00eddic espanyol.<br>\u2022 En general, no realitzar\u00e0 actes que suposin danys o lesions dels drets de tercers.<br>El Titular podr\u00e0 eliminar qualsevol contingut o suspendre el servei si, segons el seu propi criteri, incompleix qualsevol de les normes i obligacions descrites en aquest Av\u00eds Legal.<br>Per a qualsevol consulta o aclariment sobre aquestes normes pot contactar via email.<\/p>\n<p style=\"margin: 0cm; font-size: medium; font-family: Calibri, sans-serif; caret-color: #000000; color: #000000; font-style: normal;\"><b>&nbsp;<\/b><\/p>\n<p style=\"margin: 0cm; font-size: medium; font-family: Calibri, sans-serif; caret-color: #000000; color: #000000; font-style: normal;\"><b>6. Enlla\u00e7os i limitaci\u00f3 de responsabilitat<\/b><br>L&#8217;establiment d&#8217;un hiperenlla\u00e7 no implica en cap cas l&#8217;exist\u00e8ncia de relacions entre el titular i el propietari de la p\u00e0gina web a la qual s&#8217;estableixi, ni l&#8217;acceptaci\u00f3 i aprovaci\u00f3 per part del Titular, dels seus continguts o serveis.<br>Aquelles persones que es proposin establir un hiperenlla\u00e7, pr\u00e8viament hauran de sol\u00b7licitar autoritzaci\u00f3 per escrit al Titular. En tot cas, l&#8217;hiperenlla\u00e7 \u00fanicament permetr\u00e0 l&#8217;acc\u00e9s a la p\u00e0gina d&#8217;inici del nostre lloc web. Aix\u00ed mateix, haur\u00e0 d&#8217;abstenir-se de realitzar manifestacions o indicacions falses, inexactes o incorrectes sobre el titular, o incloure continguts il\u00b7l\u00edcits, contraris als bons costums i a l&#8217;ordre p\u00fablic.<br>El Titular no es responsabilitza de l&#8217;\u00fas que cada usuari doni als materials posats a disposici\u00f3 en aquest lloc web ni de les actuacions que realitzi basant-se en els mateixos. El contingut de la web \u00e9s de car\u00e0cter general i merament informatiu.<br>El Titular no assumir\u00e0 responsabilitat pel contingut o funcionament de webs de tercers als que l&#8217;usuari del lloc web pugui accedir mitjan\u00e7ant qualsevol tipus d&#8217;enlla\u00e7.<br>El Titular declina qualsevol responsabilitat, fins on permeti l&#8217;ordenament jur\u00eddic, pels danys i perjudicis derivats de la pres\u00e8ncia de virus, de les actuacions de tercers que vulnerin drets de propietat, a l&#8217;honor, a la intimitat o sobre publicitat il\u00b7l\u00edcita.<br>Si algun usuari o tercer considera que a la web s&#8217;est\u00e0 cometent algun il\u00b7l\u00edcit de qualsevol tipus, ha de remetre una comunicaci\u00f3 al Titular a l&#8217;adre\u00e7a de correu electr\u00f2nic que apareix en les nostres dades identificatives. S&#8217;ha d&#8217;identificar degudament, especificant els fets que denuncia.<\/p>\n<p style=\"margin: 0cm; font-size: medium; font-family: Calibri, sans-serif; caret-color: #000000; color: #000000; font-style: normal;\"><b>&nbsp;<\/b><\/p>\n<p style=\"margin: 0cm; font-size: medium; font-family: Calibri, sans-serif; caret-color: #000000; color: #000000; font-style: normal;\"><b>7. Privacitat<\/b><br>Si a la web es recollissin dades personals, el titular ser\u00e0 responsable dels mateixos i els tractar\u00e0 amb absoluta confidencialitat i seguretat. Podr\u00e0 trobar m\u00e9s informaci\u00f3 a la nostra Pol\u00edtica de Privacitat i Cookies.<\/p><p style=\"margin: 0cm; font-size: medium; font-family: Calibri, sans-serif; caret-color: #000000; color: #000000; font-style: normal;\"><br><\/p>\n<p style=\"margin: 0cm; font-size: medium; font-family: Calibri, sans-serif; caret-color: #000000; color: #000000; font-style: normal;\">\n<\/p><p style=\"margin: 0cm; font-size: medium; font-family: Calibri, sans-serif; caret-color: #000000; color: #000000; font-style: normal;\"><b>8. Modificacions<\/b><br>El Titular es reserva el dret a realitzar les modificacions que consideri oportunes, sense av\u00eds previ, en el contingut del seu lloc web. Tant pel que fa als continguts de la p\u00e0gina web, com en les condicions d&#8217;\u00fas&nbsp;d&#8217;aquesta, o en les condicions generals de contractaci\u00f3. Aquestes modificacions podran realitzar-se a trav\u00e9s del seu lloc web per qualsevol forma admissible en dret i seran d&#8217;obligat compliment durant el temps en qu\u00e8 es trobin publicades al web i fins que no siguin modificades v\u00e0lidament per altres posteriors.<\/p><p style=\"margin: 0cm; font-size: medium; font-family: Calibri, sans-serif; caret-color: #000000; color: #000000; font-style: normal;\"><br><\/p>\n<p style=\"margin: 0cm; font-size: medium; font-family: Calibri, sans-serif; caret-color: #000000; color: #000000; font-style: normal;\">\n<\/p><p style=\"margin: 0cm; font-size: medium; font-family: Calibri, sans-serif; caret-color: #000000; color: #000000; font-style: normal;\"><b>9. Legislaci\u00f3 aplicable, soluci\u00f3 de q\u00fcestions controvertides i f\u00f2rum competent<\/b><\/p>\n<p style=\"margin: 0cm; font-size: medium; font-family: Calibri, sans-serif; caret-color: #000000; color: #000000; font-style: normal;\">L&#8217;\u00fas de la web es regir\u00e0 per la legislaci\u00f3 espanyola. Qualsevol controv\u00e8rsia que sorgeixi o tingui relaci\u00f3 amb l&#8217;\u00fas de la web, ser\u00e0 sotm\u00e8s a la jurisdicci\u00f3 no exclusiva dels jutjats i tribunals del municipi on radica el domicili social del Titular.<\/p>\t\t\t\t\t\t<\/div>\n\t\t\t\t<\/div>\n\t\t\t\t\t<\/div>\n\t\t<\/div>\n\t\t\t\t\t\t\t<\/div>\n\t\t<\/section>\n\t\t\t\t\t\t\t<\/div>\n\t\t","protected":false},"excerpt":{"rendered":"<p>Av\u00cds Legal 1. Identificaci\u00f3 i contacte del propietari de la webfederaciosalutmental.com&nbsp;(d&#8217;ara endavant la web) \u00e9s propietat&nbsp;de FEDERACI\u00d3 SALUT MENTAL&nbsp;(Associaci\u00f3 d\u2019entitats i serveis de salut mental de Mallorca,&nbsp;Fundaci\u00f3 Es Garrover, Associaci\u00f3 Estel de Llevant,&nbsp;Associaci\u00f3&nbsp;Gira-Sol, Grec, Fundaci\u00f3 Deixalles i Fundaci\u00f3 Dem\u00e0): -ASSOCIACI\u00d3 D&#8217;ENTITATS I SERVEIS DE SALUT MENTAL DE MALLORCA:\u2028C\/ Alacant, 9, Son Bugadelles, 07180 Calvi\u00e0, Illes [&hellip;]<\/p>\n","protected":false},"author":1,"featured_media":0,"parent":0,"menu_order":0,"comment_status":"closed","ping_status":"closed","template":"","meta":{"site-sidebar-layout":"no-sidebar","site-content-layout":"page-builder","ast-site-content-layout":"","site-content-style":"default","site-sidebar-style":"default","ast-global-header-display":"","ast-banner-title-visibility":"","ast-main-header-display":"","ast-hfb-above-header-display":"","ast-hfb-below-header-display":"","ast-hfb-mobile-header-display":"","site-post-title":"disabled","ast-breadcrumbs-content":"","ast-featured-img":"disabled","footer-sml-layout":"","theme-transparent-header-meta":"","adv-header-id-meta":"","stick-header-meta":"","header-above-stick-meta":"","header-main-stick-meta":"","header-below-stick-meta":"","astra-migrate-meta-layouts":"default","ast-page-background-enabled":"default","ast-page-background-meta":{"desktop":{"background-color":"","background-image":"","background-repeat":"repeat","background-position":"center center","background-size":"auto","background-attachment":"scroll","background-type":"","background-media":"","overlay-type":"","overlay-color":"","overlay-gradient":""},"tablet":{"background-color":"","background-image":"","background-repeat":"repeat","background-position":"center center","background-size":"auto","background-attachment":"scroll","background-type":"","background-media":"","overlay-type":"","overlay-color":"","overlay-gradient":""},"mobile":{"background-color":"","background-image":"","background-repeat":"repeat","background-position":"center center","background-size":"auto","background-attachment":"scroll","background-type":"","background-media":"","overlay-type":"","overlay-color":"","overlay-gradient":""}},"ast-content-background-meta":{"desktop":{"background-color":"var(--ast-global-color-5)","background-image":"","background-repeat":"repeat","background-position":"center center","background-size":"auto","background-attachment":"scroll","background-type":"","background-media":"","overlay-type":"","overlay-color":"","overlay-gradient":""},"tablet":{"background-color":"var(--ast-global-color-5)","background-image":"","background-repeat":"repeat","background-position":"center center","background-size":"auto","background-attachment":"scroll","background-type":"","background-media":"","overlay-type":"","overlay-color":"","overlay-gradient":""},"mobile":{"background-color":"var(--ast-global-color-5)","background-image":"","background-repeat":"repeat","background-position":"center center","background-size":"auto","background-attachment":"scroll","background-type":"","background-media":"","overlay-type":"","overlay-color":"","overlay-gradient":""}},"footnotes":""},"yoast_head":"<!-- This site is optimized with the Yoast SEO plugin v21.8 - https:\/\/yoast.com\/wordpress\/plugins\/seo\/ -->\n<title>Av\u00eds Legal - Federaci\u00f3 Salut Mental<\/title>\n<meta name=\"robots\" content=\"index, follow, max-snippet:-1, max-image-preview:large, max-video-preview:-1\" \/>\n<link rel=\"canonical\" href=\"https:\/\/federaciosalutmental.com\/ca\/legal\/\" \/>\n<meta property=\"og:locale\" content=\"ca_ES\" \/>\n<meta property=\"og:type\" content=\"article\" \/>\n<meta property=\"og:title\" content=\"Av\u00eds Legal - Federaci\u00f3 Salut Mental\" \/>\n<meta property=\"og:description\" content=\"Av\u00cds Legal 1. Identificaci\u00f3 i contacte del propietari de la webfederaciosalutmental.com&nbsp;(d&#8217;ara endavant la web) \u00e9s propietat&nbsp;de FEDERACI\u00d3 SALUT MENTAL&nbsp;(Associaci\u00f3 d\u2019entitats i serveis de salut mental de Mallorca,&nbsp;Fundaci\u00f3 Es Garrover, Associaci\u00f3 Estel de Llevant,&nbsp;Associaci\u00f3&nbsp;Gira-Sol, Grec, Fundaci\u00f3 Deixalles i Fundaci\u00f3 Dem\u00e0): -ASSOCIACI\u00d3 D&#8217;ENTITATS I SERVEIS DE SALUT MENTAL DE MALLORCA:\u2028C\/ Alacant, 9, Son Bugadelles, 07180 Calvi\u00e0, Illes [&hellip;]\" \/>\n<meta property=\"og:url\" content=\"https:\/\/federaciosalutmental.com\/ca\/legal\/\" \/>\n<meta property=\"og:site_name\" content=\"Federaci\u00f3 Salut Mental\" \/>\n<meta property=\"article:modified_time\" content=\"2023-06-27T11:11:56+00:00\" \/>\n<meta name=\"twitter:card\" content=\"summary_large_image\" \/>\n<meta name=\"twitter:label1\" content=\"Temps estimat de lectura\" \/>\n\t<meta name=\"twitter:data1\" content=\"5 minuts\" \/>\n<script type=\"application\/ld+json\" class=\"yoast-schema-graph\">{\"@context\":\"https:\/\/schema.org\",\"@graph\":[{\"@type\":\"WebPage\",\"@id\":\"https:\/\/federaciosalutmental.com\/ca\/legal\/\",\"url\":\"https:\/\/federaciosalutmental.com\/ca\/legal\/\",\"name\":\"Av\u00eds Legal - Federaci\u00f3 Salut Mental\",\"isPartOf\":{\"@id\":\"https:\/\/federaciosalutmental.com\/ca\/#website\"},\"datePublished\":\"2023-05-03T08:37:54+00:00\",\"dateModified\":\"2023-06-27T11:11:56+00:00\",\"breadcrumb\":{\"@id\":\"https:\/\/federaciosalutmental.com\/ca\/legal\/#breadcrumb\"},\"inLanguage\":\"ca\",\"potentialAction\":[{\"@type\":\"ReadAction\",\"target\":[\"https:\/\/federaciosalutmental.com\/ca\/legal\/\"]}]},{\"@type\":\"BreadcrumbList\",\"@id\":\"https:\/\/federaciosalutmental.com\/ca\/legal\/#breadcrumb\",\"itemListElement\":[{\"@type\":\"ListItem\",\"position\":1,\"name\":\"Home\",\"item\":\"https:\/\/federaciosalutmental.com\/ca\/\"},{\"@type\":\"ListItem\",\"position\":2,\"name\":\"Av\u00eds Legal\"}]},{\"@type\":\"WebSite\",\"@id\":\"https:\/\/federaciosalutmental.com\/ca\/#website\",\"url\":\"https:\/\/federaciosalutmental.com\/ca\/\",\"name\":\"Federaci\u00f3 Salut Mental\",\"description\":\"\",\"publisher\":{\"@id\":\"https:\/\/federaciosalutmental.com\/ca\/#organization\"},\"potentialAction\":[{\"@type\":\"SearchAction\",\"target\":{\"@type\":\"EntryPoint\",\"urlTemplate\":\"https:\/\/federaciosalutmental.com\/ca\/?s={search_term_string}\"},\"query-input\":\"required name=search_term_string\"}],\"inLanguage\":\"ca\"},{\"@type\":\"Organization\",\"@id\":\"https:\/\/federaciosalutmental.com\/ca\/#organization\",\"name\":\"Federaci\u00f3 Salut Mental\",\"url\":\"https:\/\/federaciosalutmental.com\/ca\/\",\"logo\":{\"@type\":\"ImageObject\",\"inLanguage\":\"ca\",\"@id\":\"https:\/\/federaciosalutmental.com\/ca\/#\/schema\/logo\/image\/\",\"url\":\"https:\/\/federaciosalutmental.com\/wp-content\/uploads\/2022\/11\/cropped-Logo_LA_FEDERACIO_ok-02.png\",\"contentUrl\":\"https:\/\/federaciosalutmental.com\/wp-content\/uploads\/2022\/11\/cropped-Logo_LA_FEDERACIO_ok-02.png\",\"width\":2846,\"height\":722,\"caption\":\"Federaci\u00f3 Salut Mental\"},\"image\":{\"@id\":\"https:\/\/federaciosalutmental.com\/ca\/#\/schema\/logo\/image\/\"}}]}<\/script>\n<!-- \/ Yoast SEO plugin. -->","yoast_head_json":{"title":"Av\u00eds Legal - Federaci\u00f3 Salut Mental","robots":{"index":"index","follow":"follow","max-snippet":"max-snippet:-1","max-image-preview":"max-image-preview:large","max-video-preview":"max-video-preview:-1"},"canonical":"https:\/\/federaciosalutmental.com\/ca\/legal\/","og_locale":"ca_ES","og_type":"article","og_title":"Av\u00eds Legal - Federaci\u00f3 Salut Mental","og_description":"Av\u00cds Legal 1. Identificaci\u00f3 i contacte del propietari de la webfederaciosalutmental.com&nbsp;(d&#8217;ara endavant la web) \u00e9s propietat&nbsp;de FEDERACI\u00d3 SALUT MENTAL&nbsp;(Associaci\u00f3 d\u2019entitats i serveis de salut mental de Mallorca,&nbsp;Fundaci\u00f3 Es Garrover, Associaci\u00f3 Estel de Llevant,&nbsp;Associaci\u00f3&nbsp;Gira-Sol, Grec, Fundaci\u00f3 Deixalles i Fundaci\u00f3 Dem\u00e0): -ASSOCIACI\u00d3 D&#8217;ENTITATS I SERVEIS DE SALUT MENTAL DE MALLORCA:\u2028C\/ Alacant, 9, Son Bugadelles, 07180 Calvi\u00e0, Illes [&hellip;]","og_url":"https:\/\/federaciosalutmental.com\/ca\/legal\/","og_site_name":"Federaci\u00f3 Salut Mental","article_modified_time":"2023-06-27T11:11:56+00:00","twitter_card":"summary_large_image","twitter_misc":{"Temps estimat de lectura":"5 minuts"},"schema":{"@context":"https:\/\/schema.org","@graph":[{"@type":"WebPage","@id":"https:\/\/federaciosalutmental.com\/ca\/legal\/","url":"https:\/\/federaciosalutmental.com\/ca\/legal\/","name":"Av\u00eds Legal - Federaci\u00f3 Salut Mental","isPartOf":{"@id":"https:\/\/federaciosalutmental.com\/ca\/#website"},"datePublished":"2023-05-03T08:37:54+00:00","dateModified":"2023-06-27T11:11:56+00:00","breadcrumb":{"@id":"https:\/\/federaciosalutmental.com\/ca\/legal\/#breadcrumb"},"inLanguage":"ca","potentialAction":[{"@type":"ReadAction","target":["https:\/\/federaciosalutmental.com\/ca\/legal\/"]}]},{"@type":"BreadcrumbList","@id":"https:\/\/federaciosalutmental.com\/ca\/legal\/#breadcrumb","itemListElement":[{"@type":"ListItem","position":1,"name":"Home","item":"https:\/\/federaciosalutmental.com\/ca\/"},{"@type":"ListItem","position":2,"name":"Av\u00eds Legal"}]},{"@type":"WebSite","@id":"https:\/\/federaciosalutmental.com\/ca\/#website","url":"https:\/\/federaciosalutmental.com\/ca\/","name":"Federaci\u00f3 Salut Mental","description":"","publisher":{"@id":"https:\/\/federaciosalutmental.com\/ca\/#organization"},"potentialAction":[{"@type":"SearchAction","target":{"@type":"EntryPoint","urlTemplate":"https:\/\/federaciosalutmental.com\/ca\/?s={search_term_string}"},"query-input":"required name=search_term_string"}],"inLanguage":"ca"},{"@type":"Organization","@id":"https:\/\/federaciosalutmental.com\/ca\/#organization","name":"Federaci\u00f3 Salut Mental","url":"https:\/\/federaciosalutmental.com\/ca\/","logo":{"@type":"ImageObject","inLanguage":"ca","@id":"https:\/\/federaciosalutmental.com\/ca\/#\/schema\/logo\/image\/","url":"https:\/\/federaciosalutmental.com\/wp-content\/uploads\/2022\/11\/cropped-Logo_LA_FEDERACIO_ok-02.png","contentUrl":"https:\/\/federaciosalutmental.com\/wp-content\/uploads\/2022\/11\/cropped-Logo_LA_FEDERACIO_ok-02.png","width":2846,"height":722,"caption":"Federaci\u00f3 Salut Mental"},"image":{"@id":"https:\/\/federaciosalutmental.com\/ca\/#\/schema\/logo\/image\/"}}]}},"_links":{"self":[{"href":"https:\/\/federaciosalutmental.com\/ca\/wp-json\/wp\/v2\/pages\/25584"}],"collection":[{"href":"https:\/\/federaciosalutmental.com\/ca\/wp-json\/wp\/v2\/pages"}],"about":[{"href":"https:\/\/federaciosalutmental.com\/ca\/wp-json\/wp\/v2\/types\/page"}],"author":[{"embeddable":true,"href":"https:\/\/federaciosalutmental.com\/ca\/wp-json\/wp\/v2\/users\/1"}],"replies":[{"embeddable":true,"href":"https:\/\/federaciosalutmental.com\/ca\/wp-json\/wp\/v2\/comments?post=25584"}],"version-history":[{"count":0,"href":"https:\/\/federaciosalutmental.com\/ca\/wp-json\/wp\/v2\/pages\/25584\/revisions"}],"wp:attachment":[{"href":"https:\/\/federaciosalutmental.com\/ca\/wp-json\/wp\/v2\/media?parent=25584"}],"curies":[{"name":"wp","href":"https:\/\/api.w.org\/{rel}","templated":true}]}}