{"id":30,"date":"2022-11-02T22:35:08","date_gmt":"2022-11-02T22:35:08","guid":{"rendered":"http:\/\/federaciosalutmental.test\/?page_id=30"},"modified":"2022-12-12T13:09:24","modified_gmt":"2022-12-12T13:09:24","slug":"drets","status":"publish","type":"page","link":"https:\/\/federaciosalutmental.com\/ca\/drets\/","title":{"rendered":"Drets"},"content":{"rendered":"<p>Inici \u2014 <a style=\"color: #eb458e;\" href=\"\/drets\">Drets i deures<\/a><\/p>\n<p>Totes les persones podem tenir un problema de salut mental al llarg de la nostra vida i, per tant, podem ser v\u00edctimes de discriminaci\u00f3 o patir una vulneraci\u00f3 dels nostres drets per aquesta ra\u00f3. De la mateixa manera, quan ens trobem en la situaci\u00f3 d\u2019acompanyar alg\u00fa que pateix un problema de salut mental o t\u00e9 una discapacitat, podem ser causants de vulneraci\u00f3 de drets si no estem ben informats i preparats per ser-ne conscients i evitar-ho.<\/p>\n<p><a href=\"#drets\" role=\"button\"><br \/>\nDRETS I DEURES<br \/>\n<\/a><br \/>\n<a href=\"#perdua\" role=\"button\"><br \/>\nP\u00c8RDUA DE DRETS<br \/>\n<\/a><br \/>\n<a href=\"#defensa\" role=\"button\"><br \/>\nLA DEFENSA INSTITUCIONAL DELS DRETS<br \/>\n<\/a><br \/>\n<a href=\"\/contacte\" role=\"button\"><br \/>\nEINES PER RECUPERAR ELS DRETS<br \/>\n<\/a><\/p>\n<h1>Drets i deures<\/h1>\n<p>Els drets i les seves formulacions en declaracions i lleis, aix\u00ed com les adhesions de pa\u00efsos i organitzacions, s\u00f3n maneres d\u2019evidenciar que es donen situacions en la nostra societat en les quals un col\u00b7lectiu o grup de persones, per unes determinades caracter\u00edstiques, no tenen garantides les mateixes condicions per accedir a una vida digna.<br \/>\nEn la nostra vida quotidiana, les persones amb experi\u00e8ncia pr\u00f2pia de salut mental i les nostres fam\u00edlies ens trobem amb moltes situacions en qu\u00e8 es vulneren els nostres drets. Aix\u00f2 succeeix perqu\u00e8 la nostra societat, i els organismes que la conformen, encara desconeixen que tenim els mateixos drets que qualsevol altra persona. Per\u00f2 tamb\u00e9 perqu\u00e8 com a col\u00b7lectiu desconeixem aquests drets i encara ens resulta m\u00e9s dif\u00edcil defensar-los. Per\u00f2 no hem d\u2019oblidar que tamb\u00e9 tenim deures com a ciutadans i usuaris de serveis.<\/p>\n<p>El projecte Activa\u2019t per la salut mental contribueix a l\u2019assoliment d\u2019aquests drets i deures, posant a disposici\u00f3 de les persones afectades per un trastorn mental i de les seves fam\u00edlies un circuit estructurat que els permeti l\u2019acc\u00e9s a la informaci\u00f3, la formaci\u00f3 i el foment de l\u2019apoderament, aix\u00ed com un suport continuat en el temps coordinant les accions de les diferents xarxes que intervenen en la seva atenci\u00f3. Si tens qualsevol dubte sobre els serveis, recursos o prestacions als quals pots accedir, adre\u00e7a\u2019t a un Espai Situa\u2019t o a una associaci\u00f3 de salut mental.<\/p>\n<p><img loading=\"lazy\" decoding=\"async\" width=\"680\" height=\"490\" src=\"http:\/\/federaciosalutmental.com\/wp-content\/uploads\/2022\/11\/Layer_x0020_1.png\" alt=\"\" loading=\"lazy\" srcset=\"http:\/\/federaciosalutmental.com\/wp-content\/uploads\/2022\/11\/Layer_x0020_1.png 680w, http:\/\/federaciosalutmental.com\/wp-content\/uploads\/2022\/11\/Layer_x0020_1-300x216.png 300w\" sizes=\"(max-width: 680px) 100vw, 680px\"><\/p>\n<h2>P\u00e8rdua de drets<\/h2>\n<p>La discriminaci\u00f3 i l\u2019estigma<\/p>\n<p>A l\u2019arrel de la vulneraci\u00f3 dels drets de les persones amb trastorn mental i les seves fam\u00edlies hi ha l\u2019estigma i la discriminaci\u00f3. Les falses creences i la por respecte a les persones amb problemes de salut mental porten a l\u2019estigma, i l\u2019estigma i la discriminaci\u00f3 porten sovint a la vulneraci\u00f3 dels nostres drets com a ciutadans.<br \/>\nL\u2019estigma que envolta els problemes de salut mental es deu principalment a les idees falses esteses sobre les seves causes i naturalesa.<br \/>\nTamb\u00e9 a causa de l\u2019estigma, es q\u00fcestiona amb molta m\u00e9s freq\u00fc\u00e8ncia en els serveis d\u2019atenci\u00f3 a la salut la nostra capacitat per prendre decisions.<br \/>\nLes persones amb problemes de salut mental sotmeses a l\u2019estigma i la discriminaci\u00f3 podem veure afectats tots els aspectes de la nostra vida. La discriminaci\u00f3 i l\u2019exclusi\u00f3 de la vida en la comunitat s\u00f3n comuns i passen en \u00e0mbits com l\u2019habitatge, l\u2019educaci\u00f3 i l\u2019ocupaci\u00f3, aix\u00ed com en les relacions socials i familiars. Arreu del m\u00f3n, i amb freq\u00fc\u00e8ncia, ens trobem amb restriccions en l\u2019exercici dels nostres drets pol\u00edtics i civils i en la nostra capacitat de participar en els afers p\u00fablics. Tamb\u00e9 veiem restringit l\u2019acc\u00e9s a l\u2019atenci\u00f3 sanit\u00e0ria i social essencial i a poder decidir sobre els tractaments que volem rebre.<br \/>\n\u00c9s per aquesta ra\u00f3 que la lluita contra l\u2019estigma, la discriminaci\u00f3 i l\u2019exclusi\u00f3 social \u00e9s una part important de totes les iniciatives que tenen com a objectiu millorar la qualitat de vida de les persones amb problem\u00e0tica de salut mental.<br \/>\nTot i que hi ha m\u00faltiples definicions, podr\u00edem entendre que l\u2019estigma \u00e9s com una marca o atribut que vincula una persona o un col\u00b7lectiu amb una s\u00e8rie de caracter\u00edstiques o comportaments, siguin reals o ficticis, que s\u2019aparten de la norma i que, per tant, s\u00f3n considerats com a indesitjables.<\/p>\n<p><img loading=\"lazy\" decoding=\"async\" width=\"1024\" height=\"659\" src=\"http:\/\/federaciosalutmental.com\/wp-content\/uploads\/2022\/11\/Group-1-1024x659.png\" alt=\"\" loading=\"lazy\" srcset=\"http:\/\/federaciosalutmental.com\/wp-content\/uploads\/2022\/11\/Group-1-1024x659.png 1024w, http:\/\/federaciosalutmental.com\/wp-content\/uploads\/2022\/11\/Group-1-300x193.png 300w, http:\/\/federaciosalutmental.com\/wp-content\/uploads\/2022\/11\/Group-1-768x494.png 768w, http:\/\/federaciosalutmental.com\/wp-content\/uploads\/2022\/11\/Group-1-1536x988.png 1536w, http:\/\/federaciosalutmental.com\/wp-content\/uploads\/2022\/11\/Group-1.png 1600w\" sizes=\"(max-width: 1024px) 100vw, 1024px\"><br \/>\n<img loading=\"lazy\" decoding=\"async\" width=\"677\" height=\"473\" src=\"http:\/\/federaciosalutmental.com\/wp-content\/uploads\/2022\/11\/Group-2.png\" alt=\"\" loading=\"lazy\" srcset=\"http:\/\/federaciosalutmental.com\/wp-content\/uploads\/2022\/11\/Group-2.png 677w, http:\/\/federaciosalutmental.com\/wp-content\/uploads\/2022\/11\/Group-2-300x210.png 300w\" sizes=\"(max-width: 677px) 100vw, 677px\"><\/p>\n<p>La defensa institucional dels drets<\/p>\n<p>Els drets i les seves formulacions en declaracions i lleis, aix\u00ed com les adhesions de pa\u00efsos i organitzacions, s\u00f3n maneres d\u2019evidenciar que es donen situacions en la nostra societat en les quals un col\u00b7lectiu o grup de persones, per unes determinades caracter\u00edstiques, no tenen garantides les mateixes condicions per accedir a una vida digna.<\/p>\n<p>En la nostra vida quotidiana, les persones amb experi\u00e8ncia pr\u00f2pia de salut mental i les nostres fam\u00edlies ens trobem amb moltes situacions en qu\u00e8 es vulneren els nostres drets. Aix\u00f2 succeeix perqu\u00e8 la nostra societat, i els organismes que la conformen, encara desconeixen que tenim els mateixos drets que qualsevol altra persona. Per\u00f2 tamb\u00e9 perqu\u00e8 com a col\u00b7lectiu desconeixem aquests drets i encara ens resulta m\u00e9s dif\u00edcil defensar-los. Per\u00f2 no hem d\u2019oblidar que tamb\u00e9 tenim deures com a ciutadans i usuaris de serveis.<\/p>\n<p>El projecte Activa\u2019t per la salut mental contribueix a l\u2019assoliment d\u2019aquests drets i deures, posant a disposici\u00f3 de les persones afectades per un trastorn mental i de les seves fam\u00edlies un circuit estructurat que els permeti l\u2019acc\u00e9s a la informaci\u00f3, la formaci\u00f3 i el foment de l\u2019apoderament, aix\u00ed com un suport continuat en el temps coordinant les accions de les diferents xarxes que intervenen en la seva atenci\u00f3. Si tens qualsevol dubte sobre els serveis, recursos o prestacions als quals pots accedir, adre\u00e7a\u2019t a un Espai Situa\u2019t o a una associaci\u00f3 de salut mental.<\/p>\n","protected":false},"excerpt":{"rendered":"<p>Inici \u2014 Drets i deures Totes les persones podem tenir un problema de salut mental al llarg de la nostra vida i, per tant, podem ser v\u00edctimes de discriminaci\u00f3 o patir una vulneraci\u00f3 dels nostres drets per aquesta ra\u00f3. De la mateixa manera, quan ens trobem en la situaci\u00f3 d\u2019acompanyar alg\u00fa que pateix un problema [&hellip;]<\/p>\n","protected":false},"author":1,"featured_media":0,"parent":0,"menu_order":0,"comment_status":"closed","ping_status":"closed","template":"","meta":{"site-sidebar-layout":"no-sidebar","site-content-layout":"page-builder","ast-site-content-layout":"","site-content-style":"default","site-sidebar-style":"default","ast-global-header-display":"","ast-banner-title-visibility":"","ast-main-header-display":"","ast-hfb-above-header-display":"","ast-hfb-below-header-display":"","ast-hfb-mobile-header-display":"","site-post-title":"disabled","ast-breadcrumbs-content":"","ast-featured-img":"disabled","footer-sml-layout":"","theme-transparent-header-meta":"","adv-header-id-meta":"","stick-header-meta":"","header-above-stick-meta":"","header-main-stick-meta":"","header-below-stick-meta":"","astra-migrate-meta-layouts":"default","ast-page-background-enabled":"default","ast-page-background-meta":{"desktop":{"background-color":"","background-image":"","background-repeat":"repeat","background-position":"center center","background-size":"auto","background-attachment":"scroll","background-type":"","background-media":"","overlay-type":"","overlay-color":"","overlay-gradient":""},"tablet":{"background-color":"","background-image":"","background-repeat":"repeat","background-position":"center center","background-size":"auto","background-attachment":"scroll","background-type":"","background-media":"","overlay-type":"","overlay-color":"","overlay-gradient":""},"mobile":{"background-color":"","background-image":"","background-repeat":"repeat","background-position":"center center","background-size":"auto","background-attachment":"scroll","background-type":"","background-media":"","overlay-type":"","overlay-color":"","overlay-gradient":""}},"ast-content-background-meta":{"desktop":{"background-color":"var(--ast-global-color-5)","background-image":"","background-repeat":"repeat","background-position":"center center","background-size":"auto","background-attachment":"scroll","background-type":"","background-media":"","overlay-type":"","overlay-color":"","overlay-gradient":""},"tablet":{"background-color":"var(--ast-global-color-5)","background-image":"","background-repeat":"repeat","background-position":"center center","background-size":"auto","background-attachment":"scroll","background-type":"","background-media":"","overlay-type":"","overlay-color":"","overlay-gradient":""},"mobile":{"background-color":"var(--ast-global-color-5)","background-image":"","background-repeat":"repeat","background-position":"center center","background-size":"auto","background-attachment":"scroll","background-type":"","background-media":"","overlay-type":"","overlay-color":"","overlay-gradient":""}},"footnotes":""},"yoast_head":"<!-- This site is optimized with the Yoast SEO plugin v21.8 - https:\/\/yoast.com\/wordpress\/plugins\/seo\/ -->\n<title>Derechos y Obligaciones \u2013 Federaci\u00f3 Salut Mental<\/title>\n<meta name=\"description\" content=\"Luchamos por la defensa insitucional de los derechos, por la formulaci\u00f3n de leyes y declaraciones por la defensa del colectivo y en contra de su discraminaci\u00f3n.\" \/>\n<meta name=\"robots\" content=\"index, follow, max-snippet:-1, max-image-preview:large, max-video-preview:-1\" \/>\n<link rel=\"canonical\" href=\"https:\/\/federaciosalutmental.com\/ca\/drets\/\" \/>\n<meta property=\"og:locale\" content=\"ca_ES\" \/>\n<meta property=\"og:type\" content=\"article\" \/>\n<meta property=\"og:title\" content=\"Derechos y Obligaciones \u2013 Federaci\u00f3 Salut Mental\" \/>\n<meta property=\"og:description\" content=\"Luchamos por la defensa insitucional de los derechos, por la formulaci\u00f3n de leyes y declaraciones por la defensa del colectivo y en contra de su discraminaci\u00f3n.\" \/>\n<meta property=\"og:url\" content=\"https:\/\/federaciosalutmental.com\/ca\/drets\/\" \/>\n<meta property=\"og:site_name\" content=\"Federaci\u00f3 Salut Mental\" \/>\n<meta property=\"article:modified_time\" content=\"2022-12-12T13:09:24+00:00\" \/>\n<meta property=\"og:image\" content=\"http:\/\/federaciosalutmental.com\/wp-content\/uploads\/2022\/11\/Layer_x0020_1.png\" \/>\n<meta name=\"twitter:card\" content=\"summary_large_image\" \/>\n<meta name=\"twitter:label1\" content=\"Temps estimat de lectura\" \/>\n\t<meta name=\"twitter:data1\" content=\"6 minuts\" \/>\n<script type=\"application\/ld+json\" class=\"yoast-schema-graph\">{\"@context\":\"https:\/\/schema.org\",\"@graph\":[{\"@type\":\"WebPage\",\"@id\":\"https:\/\/federaciosalutmental.com\/ca\/drets\/\",\"url\":\"https:\/\/federaciosalutmental.com\/ca\/drets\/\",\"name\":\"Derechos y Obligaciones \u2013 Federaci\u00f3 Salut Mental\",\"isPartOf\":{\"@id\":\"https:\/\/federaciosalutmental.com\/ca\/#website\"},\"datePublished\":\"2022-11-02T22:35:08+00:00\",\"dateModified\":\"2022-12-12T13:09:24+00:00\",\"description\":\"Luchamos por la defensa insitucional de los derechos, por la formulaci\u00f3n de leyes y declaraciones por la defensa del colectivo y en contra de su discraminaci\u00f3n.\",\"breadcrumb\":{\"@id\":\"https:\/\/federaciosalutmental.com\/ca\/drets\/#breadcrumb\"},\"inLanguage\":\"ca\",\"potentialAction\":[{\"@type\":\"ReadAction\",\"target\":[\"https:\/\/federaciosalutmental.com\/ca\/drets\/\"]}]},{\"@type\":\"BreadcrumbList\",\"@id\":\"https:\/\/federaciosalutmental.com\/ca\/drets\/#breadcrumb\",\"itemListElement\":[{\"@type\":\"ListItem\",\"position\":1,\"name\":\"Home\",\"item\":\"https:\/\/federaciosalutmental.com\/ca\/\"},{\"@type\":\"ListItem\",\"position\":2,\"name\":\"Drets\"}]},{\"@type\":\"WebSite\",\"@id\":\"https:\/\/federaciosalutmental.com\/ca\/#website\",\"url\":\"https:\/\/federaciosalutmental.com\/ca\/\",\"name\":\"Federaci\u00f3 Salut Mental\",\"description\":\"\",\"publisher\":{\"@id\":\"https:\/\/federaciosalutmental.com\/ca\/#organization\"},\"potentialAction\":[{\"@type\":\"SearchAction\",\"target\":{\"@type\":\"EntryPoint\",\"urlTemplate\":\"https:\/\/federaciosalutmental.com\/ca\/?s={search_term_string}\"},\"query-input\":\"required name=search_term_string\"}],\"inLanguage\":\"ca\"},{\"@type\":\"Organization\",\"@id\":\"https:\/\/federaciosalutmental.com\/ca\/#organization\",\"name\":\"Federaci\u00f3 Salut Mental\",\"url\":\"https:\/\/federaciosalutmental.com\/ca\/\",\"logo\":{\"@type\":\"ImageObject\",\"inLanguage\":\"ca\",\"@id\":\"https:\/\/federaciosalutmental.com\/ca\/#\/schema\/logo\/image\/\",\"url\":\"https:\/\/federaciosalutmental.com\/wp-content\/uploads\/2022\/11\/cropped-Logo_LA_FEDERACIO_ok-02.png\",\"contentUrl\":\"https:\/\/federaciosalutmental.com\/wp-content\/uploads\/2022\/11\/cropped-Logo_LA_FEDERACIO_ok-02.png\",\"width\":2846,\"height\":722,\"caption\":\"Federaci\u00f3 Salut Mental\"},\"image\":{\"@id\":\"https:\/\/federaciosalutmental.com\/ca\/#\/schema\/logo\/image\/\"}}]}<\/script>\n<!-- \/ Yoast SEO plugin. -->","yoast_head_json":{"title":"Derechos y Obligaciones \u2013 Federaci\u00f3 Salut Mental","description":"Luchamos por la defensa insitucional de los derechos, por la formulaci\u00f3n de leyes y declaraciones por la defensa del colectivo y en contra de su discraminaci\u00f3n.","robots":{"index":"index","follow":"follow","max-snippet":"max-snippet:-1","max-image-preview":"max-image-preview:large","max-video-preview":"max-video-preview:-1"},"canonical":"https:\/\/federaciosalutmental.com\/ca\/drets\/","og_locale":"ca_ES","og_type":"article","og_title":"Derechos y Obligaciones \u2013 Federaci\u00f3 Salut Mental","og_description":"Luchamos por la defensa insitucional de los derechos, por la formulaci\u00f3n de leyes y declaraciones por la defensa del colectivo y en contra de su discraminaci\u00f3n.","og_url":"https:\/\/federaciosalutmental.com\/ca\/drets\/","og_site_name":"Federaci\u00f3 Salut Mental","article_modified_time":"2022-12-12T13:09:24+00:00","og_image":[{"url":"http:\/\/federaciosalutmental.com\/wp-content\/uploads\/2022\/11\/Layer_x0020_1.png"}],"twitter_card":"summary_large_image","twitter_misc":{"Temps estimat de lectura":"6 minuts"},"schema":{"@context":"https:\/\/schema.org","@graph":[{"@type":"WebPage","@id":"https:\/\/federaciosalutmental.com\/ca\/drets\/","url":"https:\/\/federaciosalutmental.com\/ca\/drets\/","name":"Derechos y Obligaciones \u2013 Federaci\u00f3 Salut Mental","isPartOf":{"@id":"https:\/\/federaciosalutmental.com\/ca\/#website"},"datePublished":"2022-11-02T22:35:08+00:00","dateModified":"2022-12-12T13:09:24+00:00","description":"Luchamos por la defensa insitucional de los derechos, por la formulaci\u00f3n de leyes y declaraciones por la defensa del colectivo y en contra de su discraminaci\u00f3n.","breadcrumb":{"@id":"https:\/\/federaciosalutmental.com\/ca\/drets\/#breadcrumb"},"inLanguage":"ca","potentialAction":[{"@type":"ReadAction","target":["https:\/\/federaciosalutmental.com\/ca\/drets\/"]}]},{"@type":"BreadcrumbList","@id":"https:\/\/federaciosalutmental.com\/ca\/drets\/#breadcrumb","itemListElement":[{"@type":"ListItem","position":1,"name":"Home","item":"https:\/\/federaciosalutmental.com\/ca\/"},{"@type":"ListItem","position":2,"name":"Drets"}]},{"@type":"WebSite","@id":"https:\/\/federaciosalutmental.com\/ca\/#website","url":"https:\/\/federaciosalutmental.com\/ca\/","name":"Federaci\u00f3 Salut Mental","description":"","publisher":{"@id":"https:\/\/federaciosalutmental.com\/ca\/#organization"},"potentialAction":[{"@type":"SearchAction","target":{"@type":"EntryPoint","urlTemplate":"https:\/\/federaciosalutmental.com\/ca\/?s={search_term_string}"},"query-input":"required name=search_term_string"}],"inLanguage":"ca"},{"@type":"Organization","@id":"https:\/\/federaciosalutmental.com\/ca\/#organization","name":"Federaci\u00f3 Salut Mental","url":"https:\/\/federaciosalutmental.com\/ca\/","logo":{"@type":"ImageObject","inLanguage":"ca","@id":"https:\/\/federaciosalutmental.com\/ca\/#\/schema\/logo\/image\/","url":"https:\/\/federaciosalutmental.com\/wp-content\/uploads\/2022\/11\/cropped-Logo_LA_FEDERACIO_ok-02.png","contentUrl":"https:\/\/federaciosalutmental.com\/wp-content\/uploads\/2022\/11\/cropped-Logo_LA_FEDERACIO_ok-02.png","width":2846,"height":722,"caption":"Federaci\u00f3 Salut Mental"},"image":{"@id":"https:\/\/federaciosalutmental.com\/ca\/#\/schema\/logo\/image\/"}}]}},"_links":{"self":[{"href":"https:\/\/federaciosalutmental.com\/ca\/wp-json\/wp\/v2\/pages\/30"}],"collection":[{"href":"https:\/\/federaciosalutmental.com\/ca\/wp-json\/wp\/v2\/pages"}],"about":[{"href":"https:\/\/federaciosalutmental.com\/ca\/wp-json\/wp\/v2\/types\/page"}],"author":[{"embeddable":true,"href":"https:\/\/federaciosalutmental.com\/ca\/wp-json\/wp\/v2\/users\/1"}],"replies":[{"embeddable":true,"href":"https:\/\/federaciosalutmental.com\/ca\/wp-json\/wp\/v2\/comments?post=30"}],"version-history":[{"count":0,"href":"https:\/\/federaciosalutmental.com\/ca\/wp-json\/wp\/v2\/pages\/30\/revisions"}],"wp:attachment":[{"href":"https:\/\/federaciosalutmental.com\/ca\/wp-json\/wp\/v2\/media?parent=30"}],"curies":[{"name":"wp","href":"https:\/\/api.w.org\/{rel}","templated":true}]}}