{"id":25723,"date":"2023-05-03T08:37:54","date_gmt":"2023-05-03T08:37:54","guid":{"rendered":"http:\/\/federaciosalutmental.com\/aviso-legal\/"},"modified":"2023-07-20T14:20:38","modified_gmt":"2023-07-20T14:20:38","slug":"aviso-legal","status":"publish","type":"page","link":"https:\/\/federaciosalutmental.com\/es\/aviso-legal\/","title":{"rendered":"Aviso legal"},"content":{"rendered":"\t\t<div data-elementor-type=\"wp-page\" data-elementor-id=\"25723\" class=\"elementor elementor-25723 elementor-25584\" data-elementor-post-type=\"page\">\n\t\t\t\t\t\t\t\t\t<section class=\"elementor-section elementor-top-section elementor-element elementor-element-20eecbf elementor-section-boxed elementor-section-height-default elementor-section-height-default\" data-id=\"20eecbf\" data-element_type=\"section\">\n\t\t\t\t\t\t<div class=\"elementor-container elementor-column-gap-default\">\n\t\t\t\t\t<div class=\"elementor-column elementor-col-100 elementor-top-column elementor-element elementor-element-62cb413\" data-id=\"62cb413\" data-element_type=\"column\">\n\t\t\t<div class=\"elementor-widget-wrap elementor-element-populated\">\n\t\t\t\t\t\t\t\t<div class=\"elementor-element elementor-element-87ecc58 text__uppercase elementor-widget elementor-widget-heading\" data-id=\"87ecc58\" data-element_type=\"widget\" data-widget_type=\"heading.default\">\n\t\t\t\t<div class=\"elementor-widget-container\">\n\t\t\t<style>\/*! elementor - v3.18.0 - 20-12-2023 *\/\n.elementor-heading-title{padding:0;margin:0;line-height:1}.elementor-widget-heading .elementor-heading-title[class*=elementor-size-]>a{color:inherit;font-size:inherit;line-height:inherit}.elementor-widget-heading .elementor-heading-title.elementor-size-small{font-size:15px}.elementor-widget-heading .elementor-heading-title.elementor-size-medium{font-size:19px}.elementor-widget-heading .elementor-heading-title.elementor-size-large{font-size:29px}.elementor-widget-heading .elementor-heading-title.elementor-size-xl{font-size:39px}.elementor-widget-heading .elementor-heading-title.elementor-size-xxl{font-size:59px}<\/style><h1 class=\"elementor-heading-title elementor-size-default\">Aviso legal<\/h1>\t\t<\/div>\n\t\t\t\t<\/div>\n\t\t\t\t\t<\/div>\n\t\t<\/div>\n\t\t\t\t\t\t\t<\/div>\n\t\t<\/section>\n\t\t\t\t<section class=\"elementor-section elementor-top-section elementor-element elementor-element-a4be6b8 elementor-section-boxed elementor-section-height-default elementor-section-height-default\" data-id=\"a4be6b8\" data-element_type=\"section\">\n\t\t\t\t\t\t<div class=\"elementor-container elementor-column-gap-default\">\n\t\t\t\t\t<div class=\"elementor-column elementor-col-100 elementor-top-column elementor-element elementor-element-6a30e85\" data-id=\"6a30e85\" data-element_type=\"column\">\n\t\t\t<div class=\"elementor-widget-wrap elementor-element-populated\">\n\t\t\t\t\t\t\t\t<div class=\"elementor-element elementor-element-f141247 elementor-widget elementor-widget-text-editor\" data-id=\"f141247\" data-element_type=\"widget\" data-widget_type=\"text-editor.default\">\n\t\t\t\t<div class=\"elementor-widget-container\">\n\t\t\t<style>\/*! elementor - v3.18.0 - 20-12-2023 *\/\n.elementor-widget-text-editor.elementor-drop-cap-view-stacked .elementor-drop-cap{background-color:#69727d;color:#fff}.elementor-widget-text-editor.elementor-drop-cap-view-framed .elementor-drop-cap{color:#69727d;border:3px solid;background-color:transparent}.elementor-widget-text-editor:not(.elementor-drop-cap-view-default) .elementor-drop-cap{margin-top:8px}.elementor-widget-text-editor:not(.elementor-drop-cap-view-default) .elementor-drop-cap-letter{width:1em;height:1em}.elementor-widget-text-editor .elementor-drop-cap{float:left;text-align:center;line-height:1;font-size:50px}.elementor-widget-text-editor .elementor-drop-cap-letter{display:inline-block}<\/style>\t\t\t\t<strong>1. Identificaci\u00f3n y contacto del propietario de la web<\/strong>\n\n<a href=\"http:\/\/federaciosalutmental.com\">federaciosalutmental.com<\/a> (de ahora en adelante la web) es propiedad de FEDERACI\u00d3 SALUT MENTAL (Asociaci\u00f3n de entidades y servicios de salud mental de Mallorca, Fundaci\u00f3n Es Garrover, Asociaci\u00f3n Estel de Llevant, Asociaci\u00f3n Gira-Sol, GREC, Fundaci\u00f3n Deixalles y Fundaci\u00f3n Dem\u00e0):\n\n-ASOCIACI\u00d3N DE ENTIDADES Y SERVICIOS DE SALUD MENTAL DE MALLORCA:\nC\/ Alicante, 9, Son Bugadelles, 07180 Calvi\u00e0, Islas Baleares. CIF. G57584096. <a href=\"mailto:info@federaciosalutmental.com\">info@federaciosalutmental.com<\/a>\n\n&#8211; FUNDACI\u00d3N ES GARROVER: C\/ Quarter, 44, 07300, Inca (Islas Baleares). CIF: G57356057. Correo electr\u00f3nico de contacto: <a href=\"mailto:protecciodades@esgarrover.org\">protecciodades@esgarrover.org<\/a>\n\n&#8211; ASOCIACI\u00d3N ESTEL DE LLEVANT: C\/ F\u00e0brica, 8, bajos, 07500, Manacor (Islas Baleares). CIF: G07815905. Correo electr\u00f3nico de contacto: <a href=\"mailto:protecciodedades@esteldellevant.es\">protecciodedades@esteldellevant.es<\/a>\n\n-ASOCIACI\u00d3N GIRA-SOL: Paseo Marratx\u00ed, 11, 07008, Palma (Islas Baleares). CIF: G07729908. Correo electr\u00f3nico de contacto: <a href=\"mailto:lopd@gira-sol.com\">lopd@gira-sol.com<\/a>\n\n-GREC: Calle Juan Ram\u00f3n Jim\u00e9nez 15 07008. Palma. CIF: G07267628\n\n-FUNDACI\u00d3N DEIXALLES: Calle Alicante n 9 Pol\u00edgono Son Bugadelles, Santa Ponsa, Calvi\u00e0. CIF: G07255953\n\n-FUNDACI\u00d3N DEM\u00c0: Alquer\u00eda del Comte, 20, 07100 S\u00f3ller. CIF: G57676124.\n\n<strong>2. \u00c1mbito de aplicaci\u00f3n<\/strong>\n\nLa navegaci\u00f3n por el sitio web del Titular implica asumir la condici\u00f3n de usuario y la aceptaci\u00f3n absoluta de lo manifestado en este Aviso Legal.\n\n<strong>3. Edad<\/strong>\n\nEn nuestra web no tratamos datos de menores de catorce a\u00f1os, en cumplimiento de la actual legislaci\u00f3n.\n\n<strong>4. Propiedad intelectual o industrial<\/strong>\n\nLos contenidos de la web, como textos, im\u00e1genes, gr\u00e1ficos o c\u00f3digo fuente, est\u00e1n protegidos por derechos de propiedad intelectual e industrial.\n\nEstos contenidos no pueden ser, por ejemplo, reproducidos o transformados sin el permiso previo y expl\u00edcito del Titular. Los usuarios pueden acceder a los contenidos y hacer copias privadas autorizadas siempre que los elementos reproducidos no sean cedidos posteriormente a terceros ni se instalen en servidores en red ni sean objeto de ning\u00fan tipo de explotaci\u00f3n.\n\n<strong>5. Normas comunes de uso de la web<\/strong>\n\nEl usuario se compromete a hacer un uso de la web de acuerdo con las siguientes normas:\n\n\u2022 No publicar\u00e1 comunicaciones comerciales a trav\u00e9s de la p\u00e1gina web.\n\n\u2022 No recopilar\u00e1 contenido o informaci\u00f3n de otros usuarios.\n\n\u2022 No cargar\u00e1 virus ni c\u00f3digo malintencionado de ning\u00fan tipo.\n\n\u2022 No solicitar\u00e1 informaci\u00f3n de inicio de sesi\u00f3n ni acceder\u00e1 a una cuenta que pertenece a otro usuario.\n\n\u2022 No realizar\u00e1 actos il\u00edcitos, enga\u00f1osos, malintencionados o discriminatorios en el sitio web, de acuerdo con estas condiciones y al ordenamiento jur\u00eddico espa\u00f1ol.\n\n\u2022 En general, no realizar\u00e1 actos que supongan da\u00f1os o lesiones de los derechos de terceros.\n\nEl Titular podr\u00e1 eliminar cualquier contenido o suspender el servicio si, seg\u00fan su propio criterio, incumple cualquiera de las normas y obligaciones descritas en este Aviso Legal.\n\nPara cualquier consulta o aclaraci\u00f3n sobre estas normas puede contactar v\u00eda email.\n\n<strong>6. Enlaces y limitaci\u00f3n de responsabilidad<\/strong>\n\nEl establecimiento de un hiperenlace no implica en ning\u00fan caso la existencia de relaciones entre el titular y el propietario de la p\u00e1gina web a la cual se establezca, ni la aceptaci\u00f3n y aprobaci\u00f3n por parte del Titular de sus contenidos o servicios.\n\nAquellas personas que se propongan establecer un hiperenlace, previamente tendr\u00e1n que solicitar autorizaci\u00f3n por escrito al Titular. En todo caso, el hiperenlace \u00fanicamente permitir\u00e1 el acceso a la p\u00e1gina de inicio de nuestro sitio web. Asimismo, tendr\u00e1 que abstenerse de realizar manifestaciones o indicaciones falsas, inexactas o incorrectas sobre el titular, o incluir contenidos il\u00edcitos, contrarios a las buenas costumbres y al orden p\u00fablico.\n\nEl Titular no se responsabiliza del uso que cada usuario d\u00e9 a los materiales puestos a disposici\u00f3n en este sitio web ni de las actuaciones que realice bas\u00e1ndose en los mismos. El contenido de la web es de car\u00e1cter general y meramente informativo.\n\nEl Titular no asumir\u00e1 responsabilidad por el contenido o funcionamiento de webs de terceros a los que el usuario del sitio web pueda acceder mediante cualquier tipo de enlace.\n\nEl Titular declina cualquier responsabilidad, hasta donde permita el ordenamiento jur\u00eddico, por los da\u00f1os y perjuicios derivados de la presencia de virus, de las actuaciones de terceros que vulneren derechos de propiedad, al honor, a la intimidad o sobre publicidad il\u00edcita.\n\nSi alg\u00fan usuario o tercero considera que en la web se est\u00e1 cometiendo alg\u00fan il\u00edcito de cualquier tipo, tiene que remitir una comunicaci\u00f3n al Titular a la direcci\u00f3n de correo electr\u00f3nico que aparece en nuestros datos identificativos. Se tiene que identificar debidamente, especificando los hechos que denuncia.\n\n<strong>7. Privacidad<\/strong>\n\nSi en la web se recogieran datos personales, el titular ser\u00e1 responsable de los mismos y los tratar\u00e1 con absoluta confidencialidad y seguridad. Podr\u00e1 encontrar m\u00e1s informaci\u00f3n en nuestra Pol\u00edtica de Privacidad y Cookies.\n\n<strong>8. Modificaciones<\/strong>\n\nEl Titular se reserva el derecho a realizar las modificaciones que considere oportunas, sin aviso previo, en el contenido de su sitio web. Tanto en cuanto a los contenidos de la p\u00e1gina web, como en las condiciones de uso de esta, o en las condiciones generales de contrataci\u00f3n. Estas modificaciones podr\u00e1n realizarse a trav\u00e9s de su sitio web por cualquier forma admisible en derecho y ser\u00e1n de obligado cumplimiento durante el tiempo en que se encuentren publicadas en la web y hasta que no sean modificadas v\u00e1lidamente por otros posteriores.\n\n<strong>9. Legislaci\u00f3n aplicable, soluci\u00f3n de cuestiones controvertidas y foro competente<\/strong>\n\nEl uso de la web se regir\u00e1 por la legislaci\u00f3n espa\u00f1ola. Cualquier controversia que surja o tenga relaci\u00f3n con el uso de la web ser\u00e1 sometida a la jurisdicci\u00f3n no exclusiva de los juzgados y tribunales del municipio donde radica el domicilio social del Titular.\t\t\t\t\t\t<\/div>\n\t\t\t\t<\/div>\n\t\t\t\t\t<\/div>\n\t\t<\/div>\n\t\t\t\t\t\t\t<\/div>\n\t\t<\/section>\n\t\t\t\t\t\t\t<\/div>\n\t\t","protected":false},"excerpt":{"rendered":"<p>Aviso legal 1. Identificaci\u00f3n y contacto del propietario de la web federaciosalutmental.com (de ahora en adelante la web) es propiedad de FEDERACI\u00d3 SALUT MENTAL (Asociaci\u00f3n de entidades y servicios de salud mental de Mallorca, Fundaci\u00f3n Es Garrover, Asociaci\u00f3n Estel de Llevant, Asociaci\u00f3n Gira-Sol, GREC, Fundaci\u00f3n Deixalles y Fundaci\u00f3n Dem\u00e0): -ASOCIACI\u00d3N DE ENTIDADES Y SERVICIOS DE [&hellip;]<\/p>\n","protected":false},"author":1,"featured_media":0,"parent":0,"menu_order":0,"comment_status":"closed","ping_status":"closed","template":"","meta":{"site-sidebar-layout":"no-sidebar","site-content-layout":"page-builder","ast-site-content-layout":"","site-content-style":"default","site-sidebar-style":"default","ast-global-header-display":"","ast-banner-title-visibility":"","ast-main-header-display":"","ast-hfb-above-header-display":"","ast-hfb-below-header-display":"","ast-hfb-mobile-header-display":"","site-post-title":"disabled","ast-breadcrumbs-content":"","ast-featured-img":"disabled","footer-sml-layout":"","theme-transparent-header-meta":"","adv-header-id-meta":"","stick-header-meta":"","header-above-stick-meta":"","header-main-stick-meta":"","header-below-stick-meta":"","astra-migrate-meta-layouts":"default","ast-page-background-enabled":"default","ast-page-background-meta":{"desktop":{"background-color":"","background-image":"","background-repeat":"repeat","background-position":"center center","background-size":"auto","background-attachment":"scroll","background-type":"","background-media":"","overlay-type":"","overlay-color":"","overlay-gradient":""},"tablet":{"background-color":"","background-image":"","background-repeat":"repeat","background-position":"center center","background-size":"auto","background-attachment":"scroll","background-type":"","background-media":"","overlay-type":"","overlay-color":"","overlay-gradient":""},"mobile":{"background-color":"","background-image":"","background-repeat":"repeat","background-position":"center center","background-size":"auto","background-attachment":"scroll","background-type":"","background-media":"","overlay-type":"","overlay-color":"","overlay-gradient":""}},"ast-content-background-meta":{"desktop":{"background-color":"var(--ast-global-color-5)","background-image":"","background-repeat":"repeat","background-position":"center center","background-size":"auto","background-attachment":"scroll","background-type":"","background-media":"","overlay-type":"","overlay-color":"","overlay-gradient":""},"tablet":{"background-color":"var(--ast-global-color-5)","background-image":"","background-repeat":"repeat","background-position":"center center","background-size":"auto","background-attachment":"scroll","background-type":"","background-media":"","overlay-type":"","overlay-color":"","overlay-gradient":""},"mobile":{"background-color":"var(--ast-global-color-5)","background-image":"","background-repeat":"repeat","background-position":"center center","background-size":"auto","background-attachment":"scroll","background-type":"","background-media":"","overlay-type":"","overlay-color":"","overlay-gradient":""}},"footnotes":""},"yoast_head":"<!-- This site is optimized with the Yoast SEO plugin v21.8 - https:\/\/yoast.com\/wordpress\/plugins\/seo\/ -->\n<title>Aviso legal - Federaci\u00f3 Salut Mental<\/title>\n<meta name=\"robots\" content=\"index, follow, max-snippet:-1, max-image-preview:large, max-video-preview:-1\" \/>\n<link rel=\"canonical\" href=\"https:\/\/federaciosalutmental.com\/es\/aviso-legal\/\" \/>\n<meta property=\"og:locale\" content=\"es_ES\" \/>\n<meta property=\"og:type\" content=\"article\" \/>\n<meta property=\"og:title\" content=\"Aviso legal - Federaci\u00f3 Salut Mental\" \/>\n<meta property=\"og:description\" content=\"Aviso legal 1. Identificaci\u00f3n y contacto del propietario de la web federaciosalutmental.com (de ahora en adelante la web) es propiedad de FEDERACI\u00d3 SALUT MENTAL (Asociaci\u00f3n de entidades y servicios de salud mental de Mallorca, Fundaci\u00f3n Es Garrover, Asociaci\u00f3n Estel de Llevant, Asociaci\u00f3n Gira-Sol, GREC, Fundaci\u00f3n Deixalles y Fundaci\u00f3n Dem\u00e0): -ASOCIACI\u00d3N DE ENTIDADES Y SERVICIOS DE [&hellip;]\" \/>\n<meta property=\"og:url\" content=\"https:\/\/federaciosalutmental.com\/es\/aviso-legal\/\" \/>\n<meta property=\"og:site_name\" content=\"Federaci\u00f3 Salut Mental\" \/>\n<meta property=\"article:modified_time\" content=\"2023-07-20T14:20:38+00:00\" \/>\n<meta name=\"twitter:card\" content=\"summary_large_image\" \/>\n<meta name=\"twitter:label1\" content=\"Tiempo de lectura\" \/>\n\t<meta name=\"twitter:data1\" content=\"5 minutos\" \/>\n<script type=\"application\/ld+json\" class=\"yoast-schema-graph\">{\"@context\":\"https:\/\/schema.org\",\"@graph\":[{\"@type\":\"WebPage\",\"@id\":\"https:\/\/federaciosalutmental.com\/es\/aviso-legal\/\",\"url\":\"https:\/\/federaciosalutmental.com\/es\/aviso-legal\/\",\"name\":\"Aviso legal - Federaci\u00f3 Salut Mental\",\"isPartOf\":{\"@id\":\"https:\/\/federaciosalutmental.com\/es\/#website\"},\"datePublished\":\"2023-05-03T08:37:54+00:00\",\"dateModified\":\"2023-07-20T14:20:38+00:00\",\"breadcrumb\":{\"@id\":\"https:\/\/federaciosalutmental.com\/es\/aviso-legal\/#breadcrumb\"},\"inLanguage\":\"es\",\"potentialAction\":[{\"@type\":\"ReadAction\",\"target\":[\"https:\/\/federaciosalutmental.com\/es\/aviso-legal\/\"]}]},{\"@type\":\"BreadcrumbList\",\"@id\":\"https:\/\/federaciosalutmental.com\/es\/aviso-legal\/#breadcrumb\",\"itemListElement\":[{\"@type\":\"ListItem\",\"position\":1,\"name\":\"Home\",\"item\":\"https:\/\/federaciosalutmental.com\/es\/\"},{\"@type\":\"ListItem\",\"position\":2,\"name\":\"Aviso legal\"}]},{\"@type\":\"WebSite\",\"@id\":\"https:\/\/federaciosalutmental.com\/es\/#website\",\"url\":\"https:\/\/federaciosalutmental.com\/es\/\",\"name\":\"Federaci\u00f3 Salut Mental\",\"description\":\"\",\"publisher\":{\"@id\":\"https:\/\/federaciosalutmental.com\/es\/#organization\"},\"potentialAction\":[{\"@type\":\"SearchAction\",\"target\":{\"@type\":\"EntryPoint\",\"urlTemplate\":\"https:\/\/federaciosalutmental.com\/es\/?s={search_term_string}\"},\"query-input\":\"required name=search_term_string\"}],\"inLanguage\":\"es\"},{\"@type\":\"Organization\",\"@id\":\"https:\/\/federaciosalutmental.com\/es\/#organization\",\"name\":\"Federaci\u00f3 Salut Mental\",\"url\":\"https:\/\/federaciosalutmental.com\/es\/\",\"logo\":{\"@type\":\"ImageObject\",\"inLanguage\":\"es\",\"@id\":\"https:\/\/federaciosalutmental.com\/es\/#\/schema\/logo\/image\/\",\"url\":\"https:\/\/federaciosalutmental.com\/wp-content\/uploads\/2022\/11\/cropped-Logo_LA_FEDERACIO_ok-02.png\",\"contentUrl\":\"https:\/\/federaciosalutmental.com\/wp-content\/uploads\/2022\/11\/cropped-Logo_LA_FEDERACIO_ok-02.png\",\"width\":2846,\"height\":722,\"caption\":\"Federaci\u00f3 Salut Mental\"},\"image\":{\"@id\":\"https:\/\/federaciosalutmental.com\/es\/#\/schema\/logo\/image\/\"}}]}<\/script>\n<!-- \/ Yoast SEO plugin. -->","yoast_head_json":{"title":"Aviso legal - Federaci\u00f3 Salut Mental","robots":{"index":"index","follow":"follow","max-snippet":"max-snippet:-1","max-image-preview":"max-image-preview:large","max-video-preview":"max-video-preview:-1"},"canonical":"https:\/\/federaciosalutmental.com\/es\/aviso-legal\/","og_locale":"es_ES","og_type":"article","og_title":"Aviso legal - Federaci\u00f3 Salut Mental","og_description":"Aviso legal 1. Identificaci\u00f3n y contacto del propietario de la web federaciosalutmental.com (de ahora en adelante la web) es propiedad de FEDERACI\u00d3 SALUT MENTAL (Asociaci\u00f3n de entidades y servicios de salud mental de Mallorca, Fundaci\u00f3n Es Garrover, Asociaci\u00f3n Estel de Llevant, Asociaci\u00f3n Gira-Sol, GREC, Fundaci\u00f3n Deixalles y Fundaci\u00f3n Dem\u00e0): -ASOCIACI\u00d3N DE ENTIDADES Y SERVICIOS DE [&hellip;]","og_url":"https:\/\/federaciosalutmental.com\/es\/aviso-legal\/","og_site_name":"Federaci\u00f3 Salut Mental","article_modified_time":"2023-07-20T14:20:38+00:00","twitter_card":"summary_large_image","twitter_misc":{"Tiempo de lectura":"5 minutos"},"schema":{"@context":"https:\/\/schema.org","@graph":[{"@type":"WebPage","@id":"https:\/\/federaciosalutmental.com\/es\/aviso-legal\/","url":"https:\/\/federaciosalutmental.com\/es\/aviso-legal\/","name":"Aviso legal - Federaci\u00f3 Salut Mental","isPartOf":{"@id":"https:\/\/federaciosalutmental.com\/es\/#website"},"datePublished":"2023-05-03T08:37:54+00:00","dateModified":"2023-07-20T14:20:38+00:00","breadcrumb":{"@id":"https:\/\/federaciosalutmental.com\/es\/aviso-legal\/#breadcrumb"},"inLanguage":"es","potentialAction":[{"@type":"ReadAction","target":["https:\/\/federaciosalutmental.com\/es\/aviso-legal\/"]}]},{"@type":"BreadcrumbList","@id":"https:\/\/federaciosalutmental.com\/es\/aviso-legal\/#breadcrumb","itemListElement":[{"@type":"ListItem","position":1,"name":"Home","item":"https:\/\/federaciosalutmental.com\/es\/"},{"@type":"ListItem","position":2,"name":"Aviso legal"}]},{"@type":"WebSite","@id":"https:\/\/federaciosalutmental.com\/es\/#website","url":"https:\/\/federaciosalutmental.com\/es\/","name":"Federaci\u00f3 Salut Mental","description":"","publisher":{"@id":"https:\/\/federaciosalutmental.com\/es\/#organization"},"potentialAction":[{"@type":"SearchAction","target":{"@type":"EntryPoint","urlTemplate":"https:\/\/federaciosalutmental.com\/es\/?s={search_term_string}"},"query-input":"required name=search_term_string"}],"inLanguage":"es"},{"@type":"Organization","@id":"https:\/\/federaciosalutmental.com\/es\/#organization","name":"Federaci\u00f3 Salut Mental","url":"https:\/\/federaciosalutmental.com\/es\/","logo":{"@type":"ImageObject","inLanguage":"es","@id":"https:\/\/federaciosalutmental.com\/es\/#\/schema\/logo\/image\/","url":"https:\/\/federaciosalutmental.com\/wp-content\/uploads\/2022\/11\/cropped-Logo_LA_FEDERACIO_ok-02.png","contentUrl":"https:\/\/federaciosalutmental.com\/wp-content\/uploads\/2022\/11\/cropped-Logo_LA_FEDERACIO_ok-02.png","width":2846,"height":722,"caption":"Federaci\u00f3 Salut Mental"},"image":{"@id":"https:\/\/federaciosalutmental.com\/es\/#\/schema\/logo\/image\/"}}]}},"_links":{"self":[{"href":"https:\/\/federaciosalutmental.com\/es\/wp-json\/wp\/v2\/pages\/25723"}],"collection":[{"href":"https:\/\/federaciosalutmental.com\/es\/wp-json\/wp\/v2\/pages"}],"about":[{"href":"https:\/\/federaciosalutmental.com\/es\/wp-json\/wp\/v2\/types\/page"}],"author":[{"embeddable":true,"href":"https:\/\/federaciosalutmental.com\/es\/wp-json\/wp\/v2\/users\/1"}],"replies":[{"embeddable":true,"href":"https:\/\/federaciosalutmental.com\/es\/wp-json\/wp\/v2\/comments?post=25723"}],"version-history":[{"count":0,"href":"https:\/\/federaciosalutmental.com\/es\/wp-json\/wp\/v2\/pages\/25723\/revisions"}],"wp:attachment":[{"href":"https:\/\/federaciosalutmental.com\/es\/wp-json\/wp\/v2\/media?parent=25723"}],"curies":[{"name":"wp","href":"https:\/\/api.w.org\/{rel}","templated":true}]}}