{"id":25732,"date":"2022-11-22T11:59:34","date_gmt":"2022-11-22T11:59:34","guid":{"rendered":"http:\/\/federaciosalutmental.com\/noticias\/"},"modified":"2023-07-11T13:17:02","modified_gmt":"2023-07-11T13:17:02","slug":"noticias","status":"publish","type":"page","link":"https:\/\/federaciosalutmental.com\/es\/noticias\/","title":{"rendered":"Noticias"},"content":{"rendered":"\t\t<div data-elementor-type=\"wp-page\" data-elementor-id=\"25732\" class=\"elementor elementor-25732 elementor-25059\" data-elementor-post-type=\"page\">\n\t\t\t\t\t\t\t\t\t<section class=\"elementor-section elementor-top-section elementor-element elementor-element-562de56 elementor-section-boxed elementor-section-height-default elementor-section-height-default\" data-id=\"562de56\" data-element_type=\"section\">\n\t\t\t\t\t\t<div class=\"elementor-container elementor-column-gap-default\">\n\t\t\t\t\t<div class=\"elementor-column elementor-col-100 elementor-top-column elementor-element elementor-element-97e9f5d\" data-id=\"97e9f5d\" data-element_type=\"column\">\n\t\t\t<div class=\"elementor-widget-wrap elementor-element-populated\">\n\t\t\t\t\t\t\t\t<div class=\"elementor-element elementor-element-9a45320 elementor-widget elementor-widget-spacer\" data-id=\"9a45320\" data-element_type=\"widget\" data-widget_type=\"spacer.default\">\n\t\t\t\t<div class=\"elementor-widget-container\">\n\t\t\t<style>\/*! elementor - v3.18.0 - 20-12-2023 *\/\n.elementor-column .elementor-spacer-inner{height:var(--spacer-size)}.e-con{--container-widget-width:100%}.e-con-inner>.elementor-widget-spacer,.e-con>.elementor-widget-spacer{width:var(--container-widget-width,var(--spacer-size));--align-self:var(--container-widget-align-self,initial);--flex-shrink:0}.e-con-inner>.elementor-widget-spacer>.elementor-widget-container,.e-con>.elementor-widget-spacer>.elementor-widget-container{height:100%;width:100%}.e-con-inner>.elementor-widget-spacer>.elementor-widget-container>.elementor-spacer,.e-con>.elementor-widget-spacer>.elementor-widget-container>.elementor-spacer{height:100%}.e-con-inner>.elementor-widget-spacer>.elementor-widget-container>.elementor-spacer>.elementor-spacer-inner,.e-con>.elementor-widget-spacer>.elementor-widget-container>.elementor-spacer>.elementor-spacer-inner{height:var(--container-widget-height,var(--spacer-size))}.e-con-inner>.elementor-widget-spacer.elementor-widget-empty,.e-con>.elementor-widget-spacer.elementor-widget-empty{position:relative;min-height:22px;min-width:22px}.e-con-inner>.elementor-widget-spacer.elementor-widget-empty .elementor-widget-empty-icon,.e-con>.elementor-widget-spacer.elementor-widget-empty .elementor-widget-empty-icon{position:absolute;top:0;bottom:0;left:0;right:0;margin:auto;padding:0;width:22px;height:22px}<\/style>\t\t<div class=\"elementor-spacer\">\n\t\t\t<div class=\"elementor-spacer-inner\"><\/div>\n\t\t<\/div>\n\t\t\t\t<\/div>\n\t\t\t\t<\/div>\n\t\t\t\t<div class=\"elementor-element elementor-element-24ee5d5 text__uppercase elementor-widget elementor-widget-heading\" data-id=\"24ee5d5\" data-element_type=\"widget\" data-widget_type=\"heading.default\">\n\t\t\t\t<div class=\"elementor-widget-container\">\n\t\t\t<style>\/*! elementor - v3.18.0 - 20-12-2023 *\/\n.elementor-heading-title{padding:0;margin:0;line-height:1}.elementor-widget-heading .elementor-heading-title[class*=elementor-size-]>a{color:inherit;font-size:inherit;line-height:inherit}.elementor-widget-heading .elementor-heading-title.elementor-size-small{font-size:15px}.elementor-widget-heading .elementor-heading-title.elementor-size-medium{font-size:19px}.elementor-widget-heading .elementor-heading-title.elementor-size-large{font-size:29px}.elementor-widget-heading .elementor-heading-title.elementor-size-xl{font-size:39px}.elementor-widget-heading .elementor-heading-title.elementor-size-xxl{font-size:59px}<\/style><h1 class=\"elementor-heading-title elementor-size-default\">NOTICIAS\u200b<\/h1>\t\t<\/div>\n\t\t\t\t<\/div>\n\t\t\t\t\t<\/div>\n\t\t<\/div>\n\t\t\t\t\t\t\t<\/div>\n\t\t<\/section>\n\t\t\t\t<section class=\"elementor-section elementor-top-section elementor-element elementor-element-aabf308 elementor-section-boxed elementor-section-height-default elementor-section-height-default\" data-id=\"aabf308\" data-element_type=\"section\">\n\t\t\t\t\t\t<div class=\"elementor-container elementor-column-gap-default\">\n\t\t\t\t\t<div class=\"elementor-column elementor-col-100 elementor-top-column elementor-element elementor-element-cab1280\" data-id=\"cab1280\" data-element_type=\"column\">\n\t\t\t<div class=\"elementor-widget-wrap elementor-element-populated\">\n\t\t\t\t\t\t\t\t<div class=\"elementor-element elementor-element-4d4e2c5 elementor-grid-3 elementor-grid-tablet-2 elementor-grid-mobile-1 elementor-posts--thumbnail-top elementor-posts--show-avatar elementor-card-shadow-yes elementor-posts__hover-gradient elementor-widget elementor-widget-posts\" data-id=\"4d4e2c5\" data-element_type=\"widget\" data-settings=\"{&quot;cards_columns&quot;:&quot;3&quot;,&quot;cards_columns_tablet&quot;:&quot;2&quot;,&quot;cards_columns_mobile&quot;:&quot;1&quot;,&quot;cards_row_gap&quot;:{&quot;unit&quot;:&quot;px&quot;,&quot;size&quot;:35,&quot;sizes&quot;:[]},&quot;cards_row_gap_tablet&quot;:{&quot;unit&quot;:&quot;px&quot;,&quot;size&quot;:&quot;&quot;,&quot;sizes&quot;:[]},&quot;cards_row_gap_mobile&quot;:{&quot;unit&quot;:&quot;px&quot;,&quot;size&quot;:&quot;&quot;,&quot;sizes&quot;:[]}}\" data-widget_type=\"posts.cards\">\n\t\t\t\t<div class=\"elementor-widget-container\">\n\t\t\t<link rel=\"stylesheet\" href=\"https:\/\/federaciosalutmental.com\/wp-content\/plugins\/elementor-pro\/assets\/css\/widget-posts.min.css\">\t\t<div class=\"elementor-posts-container elementor-posts elementor-posts--skin-cards elementor-grid\">\n\t\t\t\t<article class=\"elementor-post elementor-grid-item post-26081 post type-post status-publish format-standard has-post-thumbnail hentry category-sin-categorizar-es\">\n\t\t\t<div class=\"elementor-post__card\">\n\t\t\t\t<a class=\"elementor-post__thumbnail__link\" href=\"https:\/\/federaciosalutmental.com\/es\/cerca-de-un-millar-de-personas-participan-en-calvia-en-una-jornada-festiva-y-reivindicativa-con-motivo-del-dia-mundial-de-la-salud-mental-2\/\" tabindex=\"-1\" ><div class=\"elementor-post__thumbnail\"><img fetchpriority=\"high\" decoding=\"async\" width=\"300\" height=\"225\" src=\"https:\/\/federaciosalutmental.com\/wp-content\/uploads\/2024\/01\/Foto1-DMSM-2023-300x225.jpg\" class=\"attachment-medium size-medium wp-image-26071\" alt=\"\" srcset=\"https:\/\/federaciosalutmental.com\/wp-content\/uploads\/2024\/01\/Foto1-DMSM-2023-300x225.jpg 300w, https:\/\/federaciosalutmental.com\/wp-content\/uploads\/2024\/01\/Foto1-DMSM-2023-1024x769.jpg 1024w, https:\/\/federaciosalutmental.com\/wp-content\/uploads\/2024\/01\/Foto1-DMSM-2023-768x577.jpg 768w, https:\/\/federaciosalutmental.com\/wp-content\/uploads\/2024\/01\/Foto1-DMSM-2023-1536x1153.jpg 1536w, https:\/\/federaciosalutmental.com\/wp-content\/uploads\/2024\/01\/Foto1-DMSM-2023-2048x1538.jpg 2048w\" sizes=\"(max-width: 300px) 100vw, 300px\" \/><\/div><\/a>\n\t\t\t\t<div class=\"elementor-post__avatar\">\n\t\t\t\t\t<\/div>\n\t\t\t\t<div class=\"elementor-post__text\">\n\t\t\t\t<h3 class=\"elementor-post__title\">\n\t\t\t<a href=\"https:\/\/federaciosalutmental.com\/es\/cerca-de-un-millar-de-personas-participan-en-calvia-en-una-jornada-festiva-y-reivindicativa-con-motivo-del-dia-mundial-de-la-salud-mental-2\/\" >\n\t\t\t\tCerca de un millar de personas participan en Calvi\u00e0 en una jornada festiva y reivindicativa con motivo del D\u00eda Mundial de la Salud Mental\t\t\t<\/a>\n\t\t<\/h3>\n\t\t\t\t<div class=\"elementor-post__excerpt\">\n\t\t\t<p>10\/10\/2023 Con motivo del D\u00eda Mundial de la Salud Mental, cerca de un millar de<\/p>\n\t\t<\/div>\n\t\t\t\t\t<div class=\"elementor-post__read-more-wrapper\">\n\t\t\n\t\t<a class=\"elementor-post__read-more\" href=\"https:\/\/federaciosalutmental.com\/es\/cerca-de-un-millar-de-personas-participan-en-calvia-en-una-jornada-festiva-y-reivindicativa-con-motivo-del-dia-mundial-de-la-salud-mental-2\/\" aria-label=\"M\u00e1s informaci\u00f3n sobre Cerca de un millar de personas participan en Calvi\u00e0 en una jornada festiva y reivindicativa con motivo del D\u00eda Mundial de la Salud Mental\" tabindex=\"-1\" >\n\t\t\tLeer m\u00e1s \u00bb\t\t<\/a>\n\n\t\t\t\t\t<\/div>\n\t\t\t\t<\/div>\n\t\t\t\t\t<\/div>\n\t\t<\/article>\n\t\t\t\t<article class=\"elementor-post elementor-grid-item post-25734 post type-post status-publish format-standard has-post-thumbnail hentry category-sin-categorizar-es\">\n\t\t\t<div class=\"elementor-post__card\">\n\t\t\t\t<a class=\"elementor-post__thumbnail__link\" href=\"https:\/\/federaciosalutmental.com\/es\/proyeccion-de-votamos-corto-nominado-a-los-goya-y-coloquio-con-su-director-santiago-requejo\/\" tabindex=\"-1\" ><div class=\"elementor-post__thumbnail\"><img decoding=\"async\" width=\"300\" height=\"300\" src=\"https:\/\/federaciosalutmental.com\/wp-content\/uploads\/2023\/01\/Cartell-Votamos-Palma-copia-300x300.jpg\" class=\"attachment-medium size-medium wp-image-25509\" alt=\"\" srcset=\"https:\/\/federaciosalutmental.com\/wp-content\/uploads\/2023\/01\/Cartell-Votamos-Palma-copia-300x300.jpg 300w, https:\/\/federaciosalutmental.com\/wp-content\/uploads\/2023\/01\/Cartell-Votamos-Palma-copia-1024x1024.jpg 1024w, https:\/\/federaciosalutmental.com\/wp-content\/uploads\/2023\/01\/Cartell-Votamos-Palma-copia-150x150.jpg 150w, https:\/\/federaciosalutmental.com\/wp-content\/uploads\/2023\/01\/Cartell-Votamos-Palma-copia-768x768.jpg 768w, https:\/\/federaciosalutmental.com\/wp-content\/uploads\/2023\/01\/Cartell-Votamos-Palma-copia-1536x1536.jpg 1536w, https:\/\/federaciosalutmental.com\/wp-content\/uploads\/2023\/01\/Cartell-Votamos-Palma-copia-2048x2048.jpg 2048w\" sizes=\"(max-width: 300px) 100vw, 300px\" \/><\/div><\/a>\n\t\t\t\t<div class=\"elementor-post__avatar\">\n\t\t\t\t\t<\/div>\n\t\t\t\t<div class=\"elementor-post__text\">\n\t\t\t\t<h3 class=\"elementor-post__title\">\n\t\t\t<a href=\"https:\/\/federaciosalutmental.com\/es\/proyeccion-de-votamos-corto-nominado-a-los-goya-y-coloquio-con-su-director-santiago-requejo\/\" >\n\t\t\t\tProyecci\u00f3n de \u00abVotamos\u00bb, corto nominado a los Goya, y coloquio con su director, Santiago Requejo\t\t\t<\/a>\n\t\t<\/h3>\n\t\t\t\t<div class=\"elementor-post__excerpt\">\n\t\t\t<p>31\/5\/2022&nbsp;El teatro municipal Catalina Valls de Palma acogi\u00f3 la proyecci\u00f3n del cortometraje \u201cVotamos\u201d, nominado a<\/p>\n\t\t<\/div>\n\t\t\t\t\t<div class=\"elementor-post__read-more-wrapper\">\n\t\t\n\t\t<a class=\"elementor-post__read-more\" href=\"https:\/\/federaciosalutmental.com\/es\/proyeccion-de-votamos-corto-nominado-a-los-goya-y-coloquio-con-su-director-santiago-requejo\/\" aria-label=\"M\u00e1s informaci\u00f3n sobre Proyecci\u00f3n de \u00abVotamos\u00bb, corto nominado a los Goya, y coloquio con su director, Santiago Requejo\" tabindex=\"-1\" >\n\t\t\tLeer m\u00e1s \u00bb\t\t<\/a>\n\n\t\t\t\t\t<\/div>\n\t\t\t\t<\/div>\n\t\t\t\t\t<\/div>\n\t\t<\/article>\n\t\t\t\t<article class=\"elementor-post elementor-grid-item post-25736 post type-post status-publish format-standard has-post-thumbnail hentry category-sin-categorizar-es\">\n\t\t\t<div class=\"elementor-post__card\">\n\t\t\t\t<a class=\"elementor-post__thumbnail__link\" href=\"https:\/\/federaciosalutmental.com\/es\/mas-de-600-personas-participan-en-la-fiesta-en-las-fiestas-de-inca-con-motivo-del-dia-mundial-de-la-salud-mental\/\" tabindex=\"-1\" ><div class=\"elementor-post__thumbnail\"><img decoding=\"async\" width=\"300\" height=\"225\" src=\"https:\/\/federaciosalutmental.com\/wp-content\/uploads\/2023\/01\/Foto1-DMSM2022-300x225.jpg\" class=\"attachment-medium size-medium wp-image-25476\" alt=\"\" srcset=\"https:\/\/federaciosalutmental.com\/wp-content\/uploads\/2023\/01\/Foto1-DMSM2022-300x225.jpg 300w, https:\/\/federaciosalutmental.com\/wp-content\/uploads\/2023\/01\/Foto1-DMSM2022-1024x768.jpg 1024w, https:\/\/federaciosalutmental.com\/wp-content\/uploads\/2023\/01\/Foto1-DMSM2022-768x576.jpg 768w, https:\/\/federaciosalutmental.com\/wp-content\/uploads\/2023\/01\/Foto1-DMSM2022-1536x1152.jpg 1536w, https:\/\/federaciosalutmental.com\/wp-content\/uploads\/2023\/01\/Foto1-DMSM2022-2048x1536.jpg 2048w\" sizes=\"(max-width: 300px) 100vw, 300px\" \/><\/div><\/a>\n\t\t\t\t<div class=\"elementor-post__avatar\">\n\t\t\t\t\t<\/div>\n\t\t\t\t<div class=\"elementor-post__text\">\n\t\t\t\t<h3 class=\"elementor-post__title\">\n\t\t\t<a href=\"https:\/\/federaciosalutmental.com\/es\/mas-de-600-personas-participan-en-la-fiesta-en-las-fiestas-de-inca-con-motivo-del-dia-mundial-de-la-salud-mental\/\" >\n\t\t\t\tM\u00e1s de 600 personas participan en la fiesta en las calles de Inca con motivo del D\u00eda Mundial de la Salud Mental\t\t\t<\/a>\n\t\t<\/h3>\n\t\t\t\t<div class=\"elementor-post__excerpt\">\n\t\t\t<p>10\/10\/2022 M\u00e9s de 600 persones han participat a la festa de carrer a Inca organitzada<\/p>\n\t\t<\/div>\n\t\t\t\t\t<div class=\"elementor-post__read-more-wrapper\">\n\t\t\n\t\t<a class=\"elementor-post__read-more\" href=\"https:\/\/federaciosalutmental.com\/es\/mas-de-600-personas-participan-en-la-fiesta-en-las-fiestas-de-inca-con-motivo-del-dia-mundial-de-la-salud-mental\/\" aria-label=\"M\u00e1s informaci\u00f3n sobre M\u00e1s de 600 personas participan en la fiesta en las calles de Inca con motivo del D\u00eda Mundial de la Salud Mental\" tabindex=\"-1\" >\n\t\t\tLeer m\u00e1s \u00bb\t\t<\/a>\n\n\t\t\t\t\t<\/div>\n\t\t\t\t<\/div>\n\t\t\t\t\t<\/div>\n\t\t<\/article>\n\t\t\t\t<\/div>\n\t\t\n\t\t\t\t<\/div>\n\t\t\t\t<\/div>\n\t\t\t\t\t<\/div>\n\t\t<\/div>\n\t\t\t\t\t\t\t<\/div>\n\t\t<\/section>\n\t\t\t\t<section class=\"elementor-section elementor-top-section elementor-element elementor-element-6613567 elementor-section-boxed elementor-section-height-default elementor-section-height-default\" data-id=\"6613567\" data-element_type=\"section\">\n\t\t\t\t\t\t<div class=\"elementor-container elementor-column-gap-default\">\n\t\t\t\t\t<div class=\"elementor-column elementor-col-100 elementor-top-column elementor-element elementor-element-e456475\" data-id=\"e456475\" data-element_type=\"column\">\n\t\t\t<div class=\"elementor-widget-wrap elementor-element-populated\">\n\t\t\t\t\t\t\t\t<div class=\"elementor-element elementor-element-949246a elementor-widget elementor-widget-spacer\" data-id=\"949246a\" data-element_type=\"widget\" data-widget_type=\"spacer.default\">\n\t\t\t\t<div class=\"elementor-widget-container\">\n\t\t\t\t\t<div class=\"elementor-spacer\">\n\t\t\t<div class=\"elementor-spacer-inner\"><\/div>\n\t\t<\/div>\n\t\t\t\t<\/div>\n\t\t\t\t<\/div>\n\t\t\t\t\t<\/div>\n\t\t<\/div>\n\t\t\t\t\t\t\t<\/div>\n\t\t<\/section>\n\t\t\t\t\t\t\t<\/div>\n\t\t","protected":false},"excerpt":{"rendered":"<p>NOTICIAS\u200b<\/p>\n","protected":false},"author":1,"featured_media":0,"parent":0,"menu_order":0,"comment_status":"closed","ping_status":"closed","template":"","meta":{"site-sidebar-layout":"no-sidebar","site-content-layout":"page-builder","ast-site-content-layout":"","site-content-style":"default","site-sidebar-style":"default","ast-global-header-display":"","ast-banner-title-visibility":"","ast-main-header-display":"","ast-hfb-above-header-display":"","ast-hfb-below-header-display":"","ast-hfb-mobile-header-display":"","site-post-title":"disabled","ast-breadcrumbs-content":"","ast-featured-img":"disabled","footer-sml-layout":"","theme-transparent-header-meta":"","adv-header-id-meta":"","stick-header-meta":"","header-above-stick-meta":"","header-main-stick-meta":"","header-below-stick-meta":"","astra-migrate-meta-layouts":"default","ast-page-background-enabled":"default","ast-page-background-meta":{"desktop":{"background-color":"","background-image":"","background-repeat":"repeat","background-position":"center center","background-size":"auto","background-attachment":"scroll","background-type":"","background-media":"","overlay-type":"","overlay-color":"","overlay-gradient":""},"tablet":{"background-color":"","background-image":"","background-repeat":"repeat","background-position":"center center","background-size":"auto","background-attachment":"scroll","background-type":"","background-media":"","overlay-type":"","overlay-color":"","overlay-gradient":""},"mobile":{"background-color":"","background-image":"","background-repeat":"repeat","background-position":"center center","background-size":"auto","background-attachment":"scroll","background-type":"","background-media":"","overlay-type":"","overlay-color":"","overlay-gradient":""}},"ast-content-background-meta":{"desktop":{"background-color":"var(--ast-global-color-5)","background-image":"","background-repeat":"repeat","background-position":"center center","background-size":"auto","background-attachment":"scroll","background-type":"","background-media":"","overlay-type":"","overlay-color":"","overlay-gradient":""},"tablet":{"background-color":"var(--ast-global-color-5)","background-image":"","background-repeat":"repeat","background-position":"center center","background-size":"auto","background-attachment":"scroll","background-type":"","background-media":"","overlay-type":"","overlay-color":"","overlay-gradient":""},"mobile":{"background-color":"var(--ast-global-color-5)","background-image":"","background-repeat":"repeat","background-position":"center center","background-size":"auto","background-attachment":"scroll","background-type":"","background-media":"","overlay-type":"","overlay-color":"","overlay-gradient":""}},"footnotes":""},"yoast_head":"<!-- This site is optimized with the Yoast SEO plugin v21.8 - https:\/\/yoast.com\/wordpress\/plugins\/seo\/ -->\n<title>Noticias - Federaci\u00f3 Salut Mental<\/title>\n<meta name=\"description\" content=\"Mantente informado de las \u00faltimas noticias y novedades del sector con nosotros. Y si te quedas con dudas, \u00a1escr\u00edbenos! Estaremos encantados de poder ayudarte.\" \/>\n<meta name=\"robots\" content=\"index, follow, max-snippet:-1, max-image-preview:large, max-video-preview:-1\" \/>\n<link rel=\"canonical\" href=\"https:\/\/federaciosalutmental.com\/es\/noticias\/\" \/>\n<meta property=\"og:locale\" content=\"es_ES\" \/>\n<meta property=\"og:type\" content=\"article\" \/>\n<meta property=\"og:title\" content=\"Noticias - Federaci\u00f3 Salut Mental\" \/>\n<meta property=\"og:description\" content=\"Mantente informado de las \u00faltimas noticias y novedades del sector con nosotros. Y si te quedas con dudas, \u00a1escr\u00edbenos! Estaremos encantados de poder ayudarte.\" \/>\n<meta property=\"og:url\" content=\"https:\/\/federaciosalutmental.com\/es\/noticias\/\" \/>\n<meta property=\"og:site_name\" content=\"Federaci\u00f3 Salut Mental\" \/>\n<meta property=\"article:modified_time\" content=\"2023-07-11T13:17:02+00:00\" \/>\n<meta name=\"twitter:card\" content=\"summary_large_image\" \/>\n<meta name=\"twitter:label1\" content=\"Tiempo de lectura\" \/>\n\t<meta name=\"twitter:data1\" content=\"1 minuto\" \/>\n<script type=\"application\/ld+json\" class=\"yoast-schema-graph\">{\"@context\":\"https:\/\/schema.org\",\"@graph\":[{\"@type\":\"WebPage\",\"@id\":\"https:\/\/federaciosalutmental.com\/es\/noticias\/\",\"url\":\"https:\/\/federaciosalutmental.com\/es\/noticias\/\",\"name\":\"Noticias - Federaci\u00f3 Salut Mental\",\"isPartOf\":{\"@id\":\"https:\/\/federaciosalutmental.com\/es\/#website\"},\"datePublished\":\"2022-11-22T11:59:34+00:00\",\"dateModified\":\"2023-07-11T13:17:02+00:00\",\"description\":\"Mantente informado de las \u00faltimas noticias y novedades del sector con nosotros. Y si te quedas con dudas, \u00a1escr\u00edbenos! Estaremos encantados de poder ayudarte.\",\"breadcrumb\":{\"@id\":\"https:\/\/federaciosalutmental.com\/es\/noticias\/#breadcrumb\"},\"inLanguage\":\"es\",\"potentialAction\":[{\"@type\":\"ReadAction\",\"target\":[\"https:\/\/federaciosalutmental.com\/es\/noticias\/\"]}]},{\"@type\":\"BreadcrumbList\",\"@id\":\"https:\/\/federaciosalutmental.com\/es\/noticias\/#breadcrumb\",\"itemListElement\":[{\"@type\":\"ListItem\",\"position\":1,\"name\":\"Home\",\"item\":\"https:\/\/federaciosalutmental.com\/es\/\"},{\"@type\":\"ListItem\",\"position\":2,\"name\":\"Noticias\"}]},{\"@type\":\"WebSite\",\"@id\":\"https:\/\/federaciosalutmental.com\/es\/#website\",\"url\":\"https:\/\/federaciosalutmental.com\/es\/\",\"name\":\"Federaci\u00f3 Salut Mental\",\"description\":\"\",\"publisher\":{\"@id\":\"https:\/\/federaciosalutmental.com\/es\/#organization\"},\"potentialAction\":[{\"@type\":\"SearchAction\",\"target\":{\"@type\":\"EntryPoint\",\"urlTemplate\":\"https:\/\/federaciosalutmental.com\/es\/?s={search_term_string}\"},\"query-input\":\"required name=search_term_string\"}],\"inLanguage\":\"es\"},{\"@type\":\"Organization\",\"@id\":\"https:\/\/federaciosalutmental.com\/es\/#organization\",\"name\":\"Federaci\u00f3 Salut Mental\",\"url\":\"https:\/\/federaciosalutmental.com\/es\/\",\"logo\":{\"@type\":\"ImageObject\",\"inLanguage\":\"es\",\"@id\":\"https:\/\/federaciosalutmental.com\/es\/#\/schema\/logo\/image\/\",\"url\":\"https:\/\/federaciosalutmental.com\/wp-content\/uploads\/2022\/11\/cropped-Logo_LA_FEDERACIO_ok-02.png\",\"contentUrl\":\"https:\/\/federaciosalutmental.com\/wp-content\/uploads\/2022\/11\/cropped-Logo_LA_FEDERACIO_ok-02.png\",\"width\":2846,\"height\":722,\"caption\":\"Federaci\u00f3 Salut Mental\"},\"image\":{\"@id\":\"https:\/\/federaciosalutmental.com\/es\/#\/schema\/logo\/image\/\"}}]}<\/script>\n<!-- \/ Yoast SEO plugin. -->","yoast_head_json":{"title":"Noticias - Federaci\u00f3 Salut Mental","description":"Mantente informado de las \u00faltimas noticias y novedades del sector con nosotros. Y si te quedas con dudas, \u00a1escr\u00edbenos! Estaremos encantados de poder ayudarte.","robots":{"index":"index","follow":"follow","max-snippet":"max-snippet:-1","max-image-preview":"max-image-preview:large","max-video-preview":"max-video-preview:-1"},"canonical":"https:\/\/federaciosalutmental.com\/es\/noticias\/","og_locale":"es_ES","og_type":"article","og_title":"Noticias - Federaci\u00f3 Salut Mental","og_description":"Mantente informado de las \u00faltimas noticias y novedades del sector con nosotros. Y si te quedas con dudas, \u00a1escr\u00edbenos! Estaremos encantados de poder ayudarte.","og_url":"https:\/\/federaciosalutmental.com\/es\/noticias\/","og_site_name":"Federaci\u00f3 Salut Mental","article_modified_time":"2023-07-11T13:17:02+00:00","twitter_card":"summary_large_image","twitter_misc":{"Tiempo de lectura":"1 minuto"},"schema":{"@context":"https:\/\/schema.org","@graph":[{"@type":"WebPage","@id":"https:\/\/federaciosalutmental.com\/es\/noticias\/","url":"https:\/\/federaciosalutmental.com\/es\/noticias\/","name":"Noticias - Federaci\u00f3 Salut Mental","isPartOf":{"@id":"https:\/\/federaciosalutmental.com\/es\/#website"},"datePublished":"2022-11-22T11:59:34+00:00","dateModified":"2023-07-11T13:17:02+00:00","description":"Mantente informado de las \u00faltimas noticias y novedades del sector con nosotros. Y si te quedas con dudas, \u00a1escr\u00edbenos! Estaremos encantados de poder ayudarte.","breadcrumb":{"@id":"https:\/\/federaciosalutmental.com\/es\/noticias\/#breadcrumb"},"inLanguage":"es","potentialAction":[{"@type":"ReadAction","target":["https:\/\/federaciosalutmental.com\/es\/noticias\/"]}]},{"@type":"BreadcrumbList","@id":"https:\/\/federaciosalutmental.com\/es\/noticias\/#breadcrumb","itemListElement":[{"@type":"ListItem","position":1,"name":"Home","item":"https:\/\/federaciosalutmental.com\/es\/"},{"@type":"ListItem","position":2,"name":"Noticias"}]},{"@type":"WebSite","@id":"https:\/\/federaciosalutmental.com\/es\/#website","url":"https:\/\/federaciosalutmental.com\/es\/","name":"Federaci\u00f3 Salut Mental","description":"","publisher":{"@id":"https:\/\/federaciosalutmental.com\/es\/#organization"},"potentialAction":[{"@type":"SearchAction","target":{"@type":"EntryPoint","urlTemplate":"https:\/\/federaciosalutmental.com\/es\/?s={search_term_string}"},"query-input":"required name=search_term_string"}],"inLanguage":"es"},{"@type":"Organization","@id":"https:\/\/federaciosalutmental.com\/es\/#organization","name":"Federaci\u00f3 Salut Mental","url":"https:\/\/federaciosalutmental.com\/es\/","logo":{"@type":"ImageObject","inLanguage":"es","@id":"https:\/\/federaciosalutmental.com\/es\/#\/schema\/logo\/image\/","url":"https:\/\/federaciosalutmental.com\/wp-content\/uploads\/2022\/11\/cropped-Logo_LA_FEDERACIO_ok-02.png","contentUrl":"https:\/\/federaciosalutmental.com\/wp-content\/uploads\/2022\/11\/cropped-Logo_LA_FEDERACIO_ok-02.png","width":2846,"height":722,"caption":"Federaci\u00f3 Salut Mental"},"image":{"@id":"https:\/\/federaciosalutmental.com\/es\/#\/schema\/logo\/image\/"}}]}},"_links":{"self":[{"href":"https:\/\/federaciosalutmental.com\/es\/wp-json\/wp\/v2\/pages\/25732"}],"collection":[{"href":"https:\/\/federaciosalutmental.com\/es\/wp-json\/wp\/v2\/pages"}],"about":[{"href":"https:\/\/federaciosalutmental.com\/es\/wp-json\/wp\/v2\/types\/page"}],"author":[{"embeddable":true,"href":"https:\/\/federaciosalutmental.com\/es\/wp-json\/wp\/v2\/users\/1"}],"replies":[{"embeddable":true,"href":"https:\/\/federaciosalutmental.com\/es\/wp-json\/wp\/v2\/comments?post=25732"}],"version-history":[{"count":0,"href":"https:\/\/federaciosalutmental.com\/es\/wp-json\/wp\/v2\/pages\/25732\/revisions"}],"wp:attachment":[{"href":"https:\/\/federaciosalutmental.com\/es\/wp-json\/wp\/v2\/media?parent=25732"}],"curies":[{"name":"wp","href":"https:\/\/api.w.org\/{rel}","templated":true}]}}